{"id":121,"date":"2023-12-07T15:29:36","date_gmt":"2023-12-07T15:29:36","guid":{"rendered":"https:\/\/webcrash1.madeonearth.cz\/?page_id=121"},"modified":"2025-05-16T09:24:28","modified_gmt":"2025-05-16T07:24:28","slug":"kontakt","status":"publish","type":"page","link":"https:\/\/webcrash1.madeonearth.cz\/cz\/kontakt\/","title":{"rendered":"Kontakt"},"content":{"rendered":"\n<div class=\"wp-block-cover alignfull is-light wp-duotone-duotone-1\"><img loading=\"lazy\" decoding=\"async\" width=\"1920\" height=\"872\" class=\"wp-block-cover__image-background wp-image-767\" alt=\"\" src=\"https:\/\/webcrash1.madeonearth.cz\/wp-content\/uploads\/bckgrnd-honza-03.jpg\" style=\"object-position:54% 21%\" data-object-fit=\"cover\" data-object-position=\"54% 21%\" srcset=\"https:\/\/webcrash1.madeonearth.cz\/wp-content\/uploads\/bckgrnd-honza-03.jpg 1920w, https:\/\/webcrash1.madeonearth.cz\/wp-content\/uploads\/bckgrnd-honza-03-300x136.jpg 300w, https:\/\/webcrash1.madeonearth.cz\/wp-content\/uploads\/bckgrnd-honza-03-1200x545.jpg 1200w, https:\/\/webcrash1.madeonearth.cz\/wp-content\/uploads\/bckgrnd-honza-03-150x68.jpg 150w, https:\/\/webcrash1.madeonearth.cz\/wp-content\/uploads\/bckgrnd-honza-03-768x349.jpg 768w, https:\/\/webcrash1.madeonearth.cz\/wp-content\/uploads\/bckgrnd-honza-03-1536x698.jpg 1536w, https:\/\/webcrash1.madeonearth.cz\/wp-content\/uploads\/bckgrnd-honza-03-18x8.jpg 18w\" sizes=\"auto, (max-width: 1920px) 100vw, 1920px\" \/><span aria-hidden=\"true\" class=\"wp-block-cover__background has-background-dim\"><\/span><div class=\"wp-block-cover__inner-container has-global-padding is-layout-constrained wp-block-cover-is-layout-constrained\">\n<h1 class=\"wp-block-heading has-text-align-center has-contrast-color has-text-color has-link-color has-x-large-font-size wp-elements-536980bb7a8b34c27f14fec40a35d504\"><strong>Kontakt<\/strong><\/h1>\n<\/div><\/div>\n\n\n\n<div style=\"height:50px\" aria-hidden=\"true\" class=\"wp-block-spacer\"><\/div>\n\n\n\n<div style=\"height:50px\" aria-hidden=\"true\" class=\"wp-block-spacer\"><\/div>\n\n\n\n<div class=\"wp-block-columns has-border-color has-base-2-background-color has-background is-layout-flex wp-container-core-columns-is-layout-28f84493 wp-block-columns-is-layout-flex\" style=\"border-color:#303030;border-radius:15px\">\n<div class=\"wp-block-column is-layout-flow wp-block-column-is-layout-flow\" style=\"flex-basis:100%\">\n<p class=\"has-text-align-left\"><mark style=\"background-color:rgba(0, 0, 0, 0)\" class=\"has-inline-color has-custom-accent-lut-color\">Booking a management:<\/mark><\/p>\n\n\n\n<p class=\"has-text-align-left\" style=\"font-size:clamp(14px, 0.875rem + ((1vw - 3.2px) * 0.417), 18px);\"><a href=\"mailto:info@madeonearth.cz\" target=\"_blank\" rel=\"noreferrer noopener nofollow\">info@madeonearth.cz<\/a><\/p>\n\n\n\n<p class=\"has-text-align-left\" style=\"font-size:clamp(14px, 0.875rem + ((1vw - 3.2px) * 0.417), 18px);\"><a href=\"mailto:madeonearthcz@gmail.com\" target=\"_blank\" rel=\"noreferrer noopener nofollow\">madeonearthcz@gmail.com<\/a><\/p>\n<\/div>\n<\/div>\n\n\n\n<div style=\"height:10px\" aria-hidden=\"true\" class=\"wp-block-spacer\"><\/div>\n\n\n\n<div class=\"wp-block-columns has-border-color has-base-2-background-color has-background is-layout-flex wp-container-core-columns-is-layout-28f84493 wp-block-columns-is-layout-flex\" style=\"border-color:#303030;border-radius:15px\">\n<div class=\"wp-block-column is-layout-flow wp-block-column-is-layout-flow\" style=\"flex-basis:100%\">\n<p class=\"has-text-align-left\"><mark style=\"background-color:rgba(0, 0, 0, 0)\" class=\"has-inline-color has-custom-accent-lut-color\"><mark style=\"background-color:rgba(0, 0, 0, 0)\" class=\"has-inline-color has-custom-accent-lut-color\">Presskit a download:<\/mark><\/mark><\/p>\n\n\n\n<p class=\"has-text-align-left\" style=\"font-size:clamp(14px, 0.875rem + ((1vw - 3.2px) * 0.417), 18px);\"><a href=\"https:\/\/drive.google.com\/drive\/folders\/1ix8ZjlQooffpfHwad6lrfexbT6dqmKdr?usp=sharing\" target=\"_blank\" rel=\"noreferrer noopener\">Ke sta\u017een\u00ed zde<\/a><\/p>\n<\/div>\n<\/div>\n\n\n\n<div style=\"height:50px\" aria-hidden=\"true\" class=\"wp-block-spacer\"><\/div>\n\n\n\n<div style=\"height:50px\" aria-hidden=\"true\" class=\"wp-block-spacer\"><\/div>\n\n\n\n<div class=\"wp-block-columns has-border-color has-base-2-background-color has-background is-layout-flex wp-container-core-columns-is-layout-28f84493 wp-block-columns-is-layout-flex\" style=\"border-color:#303030;border-radius:15px\">\n<div class=\"wp-block-column is-layout-flow wp-block-column-is-layout-flow\" style=\"flex-basis:100%\">\n<p class=\"has-text-align-left\"><mark style=\"background-color:rgba(0, 0, 0, 0)\" class=\"has-inline-color has-custom-accent-lut-color\"><mark style=\"background-color:rgba(0, 0, 0, 0)\" class=\"has-inline-color has-custom-accent-lut-color\"><mark style=\"background-color:rgba(0, 0, 0, 0)\" class=\"has-inline-color has-custom-accent-lut-color\">Webdesign a webmaster:<\/mark><\/mark><\/mark><\/p>\n\n\n\n<p class=\"has-text-align-left\" style=\"font-size:clamp(14px, 0.875rem + ((1vw - 3.2px) * 0.417), 18px);\">Standa S\u00fdkora &lt;<a href=\"mailto:info@standasykora.cz\" target=\"_blank\" rel=\"noreferrer noopener\">info@standasykora.cz<\/a>&gt;<\/p>\n<\/div>\n<\/div>\n\n\n\n<div style=\"height:600px\" aria-hidden=\"true\" class=\"wp-block-spacer\"><\/div>\n","protected":false},"excerpt":{"rendered":"<p>Booking a management: info@madeonearth.cz madeonearthcz@gmail.com Presskit a download: Ke sta\u017een\u00ed zde Webdesign a webmaster: Standa S\u00fdkora &lt;info@standasykora.cz&gt;<\/p>\n","protected":false},"author":4,"featured_media":0,"parent":0,"menu_order":0,"comment_status":"closed","ping_status":"closed","template":"","meta":{"pgc_sgb_lightbox_settings":"","footnotes":""},"class_list":["post-121","page","type-page","status-publish","hentry"],"_links":{"self":[{"href":"https:\/\/webcrash1.madeonearth.cz\/cz\/wp-json\/wp\/v2\/pages\/121","targetHints":{"allow":["GET"]}}],"collection":[{"href":"https:\/\/webcrash1.madeonearth.cz\/cz\/wp-json\/wp\/v2\/pages"}],"about":[{"href":"https:\/\/webcrash1.madeonearth.cz\/cz\/wp-json\/wp\/v2\/types\/page"}],"author":[{"embeddable":true,"href":"https:\/\/webcrash1.madeonearth.cz\/cz\/wp-json\/wp\/v2\/users\/4"}],"replies":[{"embeddable":true,"href":"https:\/\/webcrash1.madeonearth.cz\/cz\/wp-json\/wp\/v2\/comments?post=121"}],"version-history":[{"count":56,"href":"https:\/\/webcrash1.madeonearth.cz\/cz\/wp-json\/wp\/v2\/pages\/121\/revisions"}],"predecessor-version":[{"id":1067,"href":"https:\/\/webcrash1.madeonearth.cz\/cz\/wp-json\/wp\/v2\/pages\/121\/revisions\/1067"}],"wp:attachment":[{"href":"https:\/\/webcrash1.madeonearth.cz\/cz\/wp-json\/wp\/v2\/media?parent=121"}],"curies":[{"name":"wp","href":"https:\/\/api.w.org\/{rel}","templated":true}]}}