{"id":563,"date":"2024-01-14T11:28:28","date_gmt":"2024-01-14T11:28:28","guid":{"rendered":"https:\/\/webcrash1.madeonearth.cz\/?page_id=563"},"modified":"2025-01-01T15:13:46","modified_gmt":"2025-01-01T15:13:46","slug":"kapela","status":"publish","type":"page","link":"https:\/\/webcrash1.madeonearth.cz\/cz\/kapela\/","title":{"rendered":"Kapela"},"content":{"rendered":"\n<div class=\"wp-block-cover alignfull wp-duotone-duotone-1\"><span aria-hidden=\"true\" class=\"wp-block-cover__background has-background-dim\"><\/span><img loading=\"lazy\" decoding=\"async\" width=\"1920\" height=\"872\" class=\"wp-block-cover__image-background wp-image-556\" alt=\"\" src=\"https:\/\/webcrash1.madeonearth.cz\/wp-content\/uploads\/bckgrnd-honza-01.jpg\" style=\"object-position:41% 34%\" data-object-fit=\"cover\" data-object-position=\"41% 34%\" srcset=\"https:\/\/webcrash1.madeonearth.cz\/wp-content\/uploads\/bckgrnd-honza-01.jpg 1920w, https:\/\/webcrash1.madeonearth.cz\/wp-content\/uploads\/bckgrnd-honza-01-300x136.jpg 300w, https:\/\/webcrash1.madeonearth.cz\/wp-content\/uploads\/bckgrnd-honza-01-1200x545.jpg 1200w, https:\/\/webcrash1.madeonearth.cz\/wp-content\/uploads\/bckgrnd-honza-01-150x68.jpg 150w, https:\/\/webcrash1.madeonearth.cz\/wp-content\/uploads\/bckgrnd-honza-01-768x349.jpg 768w, https:\/\/webcrash1.madeonearth.cz\/wp-content\/uploads\/bckgrnd-honza-01-1536x698.jpg 1536w, https:\/\/webcrash1.madeonearth.cz\/wp-content\/uploads\/bckgrnd-honza-01-18x8.jpg 18w\" sizes=\"auto, (max-width: 1920px) 100vw, 1920px\" \/><div class=\"wp-block-cover__inner-container is-layout-flow wp-block-cover-is-layout-flow\">\n<h1 class=\"wp-block-heading has-text-align-center has-x-large-font-size\"><strong>Kapela<\/strong><\/h1>\n<\/div><\/div>\n\n\n\n<div style=\"height:50px\" aria-hidden=\"true\" class=\"wp-block-spacer\"><\/div>\n\n\n\n<div class=\"wp-block-columns has-base-2-background-color has-background is-layout-flex wp-container-core-columns-is-layout-20bb992b wp-block-columns-is-layout-flex\" style=\"border-radius:15px;margin-top:0;margin-bottom:0;padding-top:0;padding-right:0;padding-bottom:0;padding-left:0\">\n<div class=\"wp-block-column is-layout-flow wp-block-column-is-layout-flow\">\n<h2 class=\"wp-block-heading\" style=\"padding-top:2rem;padding-right:1.3rem;padding-bottom:0.8rem;padding-left:1.3rem\">Made On Earth<\/h2>\n\n\n\n<p style=\"margin-right:1.3rem;margin-left:1.3rem\"><mark style=\"background-color:rgba(0, 0, 0, 0);color:#fffffe\" class=\"has-inline-color\">Made On Earth jsou pra\u017esk\u00e1 rockov\u00e1 kapela kombinuj\u00edc\u00ed prvky progresivn\u00edho rocku, stoneru a funku. Nekompromisn\u00ed \u017eensk\u00fd zp\u011bv, divn\u00e9 kytarov\u00e9 licky, dramatick\u00e9 harmonie a tvrd\u00e1 rytmika, to jsou Made On Earth.<\/mark><\/p>\n\n\n\n<p style=\"margin-right:1.3rem;margin-left:1.3rem\"><mark style=\"background-color:rgba(0, 0, 0, 0);color:#fffffe\" class=\"has-inline-color\"><mark style=\"background-color:rgba(0, 0, 0, 0);color:#fffffe\" class=\"has-inline-color\">Od roku 2023 hraje kapela ve slo\u017een\u00ed Eli\u0161ka Du\u0161kov\u00e1 (zp\u011bv), Tereza P\u0161en\u010d\u00edkov\u00e1 (kytara) a Honza Plz\u00e1k (basa). P\u0159esto\u017ee Made On Earth do sv\u00fdch \u0159ad st\u00e1le hledaj\u00ed buben\u00edka, za\u010d\u00ednaj\u00ed v\u00a0kv\u011btnu roku 2024 koncertovat s\u00a0bic\u00edmi ve form\u011b samplu.<\/mark><\/mark><\/p>\n\n\n\n<p style=\"margin-right:1.3rem;margin-left:1.3rem\">V z\u00e1\u0159\u00ed 2024 vyd\u00e1vaj\u00ed sv\u016fj debutov\u00fd singl \u2019Sunlight\u2019.<\/p>\n\n\n\n<figure data-wp-context=\"{&quot;imageId&quot;:&quot;69e37caf8b494&quot;}\" data-wp-interactive=\"core\/image\" data-wp-key=\"69e37caf8b494\" class=\"wp-block-image size-full has-custom-border wp-lightbox-container\"><img loading=\"lazy\" decoding=\"async\" width=\"1600\" height=\"1067\" data-wp-class--hide=\"state.isContentHidden\" data-wp-class--show=\"state.isContentVisible\" data-wp-init=\"callbacks.setButtonStyles\" data-wp-on--click=\"actions.showLightbox\" data-wp-on--load=\"callbacks.setButtonStyles\" data-wp-on-window--resize=\"callbacks.setButtonStyles\" src=\"https:\/\/webcrash1.madeonearth.cz\/wp-content\/uploads\/IMG_9009.jpg\" alt=\"\" class=\"wp-image-891\" style=\"border-top-left-radius:0px;border-top-right-radius:0px;border-bottom-left-radius:15px;border-bottom-right-radius:15px\" srcset=\"https:\/\/webcrash1.madeonearth.cz\/wp-content\/uploads\/IMG_9009.jpg 1600w, https:\/\/webcrash1.madeonearth.cz\/wp-content\/uploads\/IMG_9009-300x200.jpg 300w, https:\/\/webcrash1.madeonearth.cz\/wp-content\/uploads\/IMG_9009-1200x800.jpg 1200w, https:\/\/webcrash1.madeonearth.cz\/wp-content\/uploads\/IMG_9009-150x100.jpg 150w, https:\/\/webcrash1.madeonearth.cz\/wp-content\/uploads\/IMG_9009-768x512.jpg 768w, https:\/\/webcrash1.madeonearth.cz\/wp-content\/uploads\/IMG_9009-1536x1024.jpg 1536w, https:\/\/webcrash1.madeonearth.cz\/wp-content\/uploads\/IMG_9009-18x12.jpg 18w\" sizes=\"auto, (max-width: 1600px) 100vw, 1600px\" \/><button\n\t\t\tclass=\"lightbox-trigger\"\n\t\t\ttype=\"button\"\n\t\t\taria-haspopup=\"dialog\"\n\t\t\taria-label=\"Zv\u011bt\u0161it\"\n\t\t\tdata-wp-init=\"callbacks.initTriggerButton\"\n\t\t\tdata-wp-on--click=\"actions.showLightbox\"\n\t\t\tdata-wp-style--right=\"state.imageButtonRight\"\n\t\t\tdata-wp-style--top=\"state.imageButtonTop\"\n\t\t>\n\t\t\t<svg xmlns=\"http:\/\/www.w3.org\/2000\/svg\" width=\"12\" height=\"12\" fill=\"none\" viewBox=\"0 0 12 12\">\n\t\t\t\t<path fill=\"#fff\" d=\"M2 0a2 2 0 0 0-2 2v2h1.5V2a.5.5 0 0 1 .5-.5h2V0H2Zm2 10.5H2a.5.5 0 0 1-.5-.5V8H0v2a2 2 0 0 0 2 2h2v-1.5ZM8 12v-1.5h2a.5.5 0 0 0 .5-.5V8H12v2a2 2 0 0 1-2 2H8Zm2-12a2 2 0 0 1 2 2v2h-1.5V2a.5.5 0 0 0-.5-.5H8V0h2Z\" \/>\n\t\t\t<\/svg>\n\t\t<\/button><\/figure>\n<\/div>\n<\/div>\n\n\n\n<div style=\"height:50px\" aria-hidden=\"true\" class=\"wp-block-spacer\"><\/div>\n\n\n\n<div class=\"wp-block-columns has-base-2-background-color has-background is-layout-flex wp-container-core-columns-is-layout-20bb992b wp-block-columns-is-layout-flex\" style=\"border-radius:15px;margin-top:0;margin-bottom:0;padding-top:0;padding-right:0;padding-bottom:0;padding-left:0\">\n<div class=\"wp-block-column is-layout-flow wp-block-column-is-layout-flow\">\n<h2 class=\"wp-block-heading\" style=\"padding-top:2rem;padding-right:1.3rem;padding-bottom:0.8rem;padding-left:1.3rem\">Eli\u0161ka Du\u0161kov\u00e1 &#8211; zp\u011bv<\/h2>\n\n\n\n<p style=\"margin-right:1.3rem;margin-left:1.3rem\">Po v\u00fduce na ZU\u0160, kde si pro\u0161la jak klasick\u00fdm, tak popul\u00e1rn\u00edm zp\u011bvem, se za\u010dala rozhl\u00ed\u017eet po hran\u00ed s kapelou. <br><br>Klasick\u00e9 za\u010d\u00e1tky na coverech, hran\u00ed na oslav\u00e1ch narozenin kamar\u00e1d\u016f bylo fajn, ale autorsk\u00e1 hudba, kde by se dalo po\u0159\u00e1dn\u011b vy\u0159\u00e1dit, byla lep\u0161\u00ed.<br><br>Po p\u016fsoben\u00ed v n\u011bkolik pra\u017esk\u00fdch kapel\u00e1ch se ust\u00e1lila v kapele Made On Earth, kde vid\u00ed lep\u0161\u00ed z\u00edt\u0159ky. <\/p>\n\n\n\n<figure data-wp-context=\"{&quot;imageId&quot;:&quot;69e37caf8bb6a&quot;}\" data-wp-interactive=\"core\/image\" data-wp-key=\"69e37caf8bb6a\" class=\"wp-block-image size-full has-custom-border wp-lightbox-container\"><img loading=\"lazy\" decoding=\"async\" width=\"2560\" height=\"2560\" data-wp-class--hide=\"state.isContentHidden\" data-wp-class--show=\"state.isContentVisible\" data-wp-init=\"callbacks.setButtonStyles\" data-wp-on--click=\"actions.showLightbox\" data-wp-on--load=\"callbacks.setButtonStyles\" data-wp-on-window--resize=\"callbacks.setButtonStyles\" src=\"https:\/\/webcrash1.madeonearth.cz\/wp-content\/uploads\/IMG_8866-scaled.jpg\" alt=\"\" class=\"wp-image-128\" style=\"border-top-left-radius:0px;border-top-right-radius:0px;border-bottom-left-radius:15px;border-bottom-right-radius:15px\" srcset=\"https:\/\/webcrash1.madeonearth.cz\/wp-content\/uploads\/IMG_8866-scaled.jpg 2560w, https:\/\/webcrash1.madeonearth.cz\/wp-content\/uploads\/IMG_8866-300x300.jpg 300w, https:\/\/webcrash1.madeonearth.cz\/wp-content\/uploads\/IMG_8866-1200x1200.jpg 1200w, https:\/\/webcrash1.madeonearth.cz\/wp-content\/uploads\/IMG_8866-150x150.jpg 150w, https:\/\/webcrash1.madeonearth.cz\/wp-content\/uploads\/IMG_8866-768x768.jpg 768w, https:\/\/webcrash1.madeonearth.cz\/wp-content\/uploads\/IMG_8866-1536x1536.jpg 1536w, https:\/\/webcrash1.madeonearth.cz\/wp-content\/uploads\/IMG_8866-2048x2048.jpg 2048w, https:\/\/webcrash1.madeonearth.cz\/wp-content\/uploads\/IMG_8866-12x12.jpg 12w\" sizes=\"auto, (max-width: 2560px) 100vw, 2560px\" \/><button\n\t\t\tclass=\"lightbox-trigger\"\n\t\t\ttype=\"button\"\n\t\t\taria-haspopup=\"dialog\"\n\t\t\taria-label=\"Zv\u011bt\u0161it\"\n\t\t\tdata-wp-init=\"callbacks.initTriggerButton\"\n\t\t\tdata-wp-on--click=\"actions.showLightbox\"\n\t\t\tdata-wp-style--right=\"state.imageButtonRight\"\n\t\t\tdata-wp-style--top=\"state.imageButtonTop\"\n\t\t>\n\t\t\t<svg xmlns=\"http:\/\/www.w3.org\/2000\/svg\" width=\"12\" height=\"12\" fill=\"none\" viewBox=\"0 0 12 12\">\n\t\t\t\t<path fill=\"#fff\" d=\"M2 0a2 2 0 0 0-2 2v2h1.5V2a.5.5 0 0 1 .5-.5h2V0H2Zm2 10.5H2a.5.5 0 0 1-.5-.5V8H0v2a2 2 0 0 0 2 2h2v-1.5ZM8 12v-1.5h2a.5.5 0 0 0 .5-.5V8H12v2a2 2 0 0 1-2 2H8Zm2-12a2 2 0 0 1 2 2v2h-1.5V2a.5.5 0 0 0-.5-.5H8V0h2Z\" \/>\n\t\t\t<\/svg>\n\t\t<\/button><\/figure>\n<\/div>\n<\/div>\n\n\n\n<div style=\"height:50px\" aria-hidden=\"true\" class=\"wp-block-spacer\"><\/div>\n\n\n\n<div class=\"wp-block-columns has-base-2-background-color has-background is-layout-flex wp-container-core-columns-is-layout-20bb992b wp-block-columns-is-layout-flex\" style=\"border-radius:15px;margin-top:0;margin-bottom:0;padding-top:0;padding-right:0;padding-bottom:0;padding-left:0\">\n<div class=\"wp-block-column is-layout-flow wp-block-column-is-layout-flow\">\n<h2 class=\"wp-block-heading\" style=\"padding-top:2rem;padding-right:1.3rem;padding-bottom:0.8rem;padding-left:1.3rem\">Tereza P\u0161en\u010d\u00edkov\u00e1 &#8211; kytara<\/h2>\n\n\n\n<p style=\"margin-right:1.3rem;margin-left:1.3rem\">Tereziny hudebn\u00ed za\u010d\u00e1tky sahaj\u00ed do primy v\u00edcelet\u00e9ho gymn\u00e1zia, kdy bylo povinnost\u00ed v&nbsp;hudebn\u00ed v\u00fdchov\u011b hr\u00e1t na fl\u00e9tnu. V&nbsp;n\u00e1sleduj\u00edc\u00edch letech za\u010d\u00edn\u00e1 z&nbsp;recese hr\u00e1t na akustickou kytaru ve studentsk\u00e9 kapele Ota\u00b4s Children. <\/p>\n\n\n\n<p style=\"margin-right:1.3rem;margin-left:1.3rem\">Po objeven\u00ed Pra\u017esk\u00e9ho v\u00fdb\u011bru, King Crimson a Jeffa Becka se kytara pro Terku st\u00e1v\u00e1 \u017eivotn\u00ed v\u00e1\u0161n\u00ed, po\u0159izuje si Fendera a t\u00e9to zna\u010dce je v\u011brn\u00e1 dodnes. <br><br>Zmi\u0148ovan\u00ed hudebn\u00edci formovaly nejen Terezin charakteristick\u00fd styl hran\u00ed a energick\u00fd projev, ale i progresivn\u00ed zvuk Made On Earth.<br><br>P\u016fsobila v&nbsp;kapel\u00e1ch Therapie a The Agony. Moment\u00e1ln\u011b se krom\u011b Made On Earth v\u011bnuje tak\u00e9 s\u00f3lov\u00e9 dr\u00e1ze.<\/p>\n\n\n\n<figure data-wp-context=\"{&quot;imageId&quot;:&quot;69e37caf8c089&quot;}\" data-wp-interactive=\"core\/image\" data-wp-key=\"69e37caf8c089\" class=\"wp-block-image size-full has-custom-border wp-lightbox-container\"><img loading=\"lazy\" decoding=\"async\" width=\"2560\" height=\"2560\" data-wp-class--hide=\"state.isContentHidden\" data-wp-class--show=\"state.isContentVisible\" data-wp-init=\"callbacks.setButtonStyles\" data-wp-on--click=\"actions.showLightbox\" data-wp-on--load=\"callbacks.setButtonStyles\" data-wp-on-window--resize=\"callbacks.setButtonStyles\" src=\"https:\/\/webcrash1.madeonearth.cz\/wp-content\/uploads\/IMG_8876-scaled.jpg\" alt=\"\" class=\"wp-image-130\" style=\"border-top-left-radius:0px;border-top-right-radius:0px;border-bottom-left-radius:15px;border-bottom-right-radius:15px\" srcset=\"https:\/\/webcrash1.madeonearth.cz\/wp-content\/uploads\/IMG_8876-scaled.jpg 2560w, https:\/\/webcrash1.madeonearth.cz\/wp-content\/uploads\/IMG_8876-300x300.jpg 300w, https:\/\/webcrash1.madeonearth.cz\/wp-content\/uploads\/IMG_8876-1200x1200.jpg 1200w, https:\/\/webcrash1.madeonearth.cz\/wp-content\/uploads\/IMG_8876-150x150.jpg 150w, https:\/\/webcrash1.madeonearth.cz\/wp-content\/uploads\/IMG_8876-768x768.jpg 768w, https:\/\/webcrash1.madeonearth.cz\/wp-content\/uploads\/IMG_8876-1536x1536.jpg 1536w, https:\/\/webcrash1.madeonearth.cz\/wp-content\/uploads\/IMG_8876-2048x2048.jpg 2048w, https:\/\/webcrash1.madeonearth.cz\/wp-content\/uploads\/IMG_8876-12x12.jpg 12w\" sizes=\"auto, (max-width: 2560px) 100vw, 2560px\" \/><button\n\t\t\tclass=\"lightbox-trigger\"\n\t\t\ttype=\"button\"\n\t\t\taria-haspopup=\"dialog\"\n\t\t\taria-label=\"Zv\u011bt\u0161it\"\n\t\t\tdata-wp-init=\"callbacks.initTriggerButton\"\n\t\t\tdata-wp-on--click=\"actions.showLightbox\"\n\t\t\tdata-wp-style--right=\"state.imageButtonRight\"\n\t\t\tdata-wp-style--top=\"state.imageButtonTop\"\n\t\t>\n\t\t\t<svg xmlns=\"http:\/\/www.w3.org\/2000\/svg\" width=\"12\" height=\"12\" fill=\"none\" viewBox=\"0 0 12 12\">\n\t\t\t\t<path fill=\"#fff\" d=\"M2 0a2 2 0 0 0-2 2v2h1.5V2a.5.5 0 0 1 .5-.5h2V0H2Zm2 10.5H2a.5.5 0 0 1-.5-.5V8H0v2a2 2 0 0 0 2 2h2v-1.5ZM8 12v-1.5h2a.5.5 0 0 0 .5-.5V8H12v2a2 2 0 0 1-2 2H8Zm2-12a2 2 0 0 1 2 2v2h-1.5V2a.5.5 0 0 0-.5-.5H8V0h2Z\" \/>\n\t\t\t<\/svg>\n\t\t<\/button><\/figure>\n<\/div>\n<\/div>\n\n\n\n<div style=\"height:50px\" aria-hidden=\"true\" class=\"wp-block-spacer\"><\/div>\n\n\n\n<div class=\"wp-block-columns has-base-2-background-color has-background is-layout-flex wp-container-core-columns-is-layout-20bb992b wp-block-columns-is-layout-flex\" style=\"border-radius:15px;margin-top:0;margin-bottom:0;padding-top:0;padding-right:0;padding-bottom:0;padding-left:0\">\n<div class=\"wp-block-column is-layout-flow wp-block-column-is-layout-flow\">\n<h2 class=\"wp-block-heading\" style=\"padding-top:2rem;padding-right:1.3rem;padding-bottom:0.8rem;padding-left:1.3rem\">Jan Plz\u00e1k &#8211; basa<\/h2>\n\n\n\n<p style=\"margin-right:1.3rem;margin-left:1.3rem\">Prvn\u00ed v\u00e1\u017en\u011bj\u0161\u00ed koketov\u00e1n\u00ed s hudbou za\u017eil na st\u0159edn\u00ed pr\u016fmyslovce, kde byl ovliv\u0148ov\u00e1n nov\u00fdmi hudebn\u00edmi styly a vzory. <br><br>V\u00fdsledkem byla koup\u011b jeho prvn\u00ed baskytary a \u010dasem vznikla se spolu\u017e\u00e1kem ryze punkov\u00e1 kapela. Po p\u00e1r koncertech se cesty hr\u00e1\u010d\u016f roze\u0161ly, p\u0159i\u0161lo intenzivn\u011bj\u0161\u00ed cvi\u010den\u00ed a dal\u0161\u00ed kapela, tentokr\u00e1t grunge-rockov\u00fd Madnoise, kde u\u017e to bylo na v\u00e1\u017en\u011bj\u0161\u00ed notu a dokonce do\u0161lo i k nahr\u00e1n\u00ed alba.<br><br>No, a to nejlep\u0161\u00ed nakonec, po dal\u0161\u00ed pauze se stal \u010dlenem Made on Earth.<\/p>\n\n\n\n<figure data-wp-context=\"{&quot;imageId&quot;:&quot;69e37caf8c597&quot;}\" data-wp-interactive=\"core\/image\" data-wp-key=\"69e37caf8c597\" class=\"wp-block-image size-full has-custom-border wp-lightbox-container\"><img loading=\"lazy\" decoding=\"async\" width=\"2560\" height=\"1707\" data-wp-class--hide=\"state.isContentHidden\" data-wp-class--show=\"state.isContentVisible\" data-wp-init=\"callbacks.setButtonStyles\" data-wp-on--click=\"actions.showLightbox\" data-wp-on--load=\"callbacks.setButtonStyles\" data-wp-on-window--resize=\"callbacks.setButtonStyles\" src=\"https:\/\/webcrash1.madeonearth.cz\/wp-content\/uploads\/Honza-02-scaled.jpg\" alt=\"\" class=\"wp-image-751\" style=\"border-top-left-radius:0px;border-top-right-radius:0px;border-bottom-left-radius:15px;border-bottom-right-radius:15px\" srcset=\"https:\/\/webcrash1.madeonearth.cz\/wp-content\/uploads\/Honza-02-scaled.jpg 2560w, https:\/\/webcrash1.madeonearth.cz\/wp-content\/uploads\/Honza-02-300x200.jpg 300w, https:\/\/webcrash1.madeonearth.cz\/wp-content\/uploads\/Honza-02-1200x800.jpg 1200w, https:\/\/webcrash1.madeonearth.cz\/wp-content\/uploads\/Honza-02-150x100.jpg 150w, https:\/\/webcrash1.madeonearth.cz\/wp-content\/uploads\/Honza-02-768x512.jpg 768w, https:\/\/webcrash1.madeonearth.cz\/wp-content\/uploads\/Honza-02-1536x1024.jpg 1536w, https:\/\/webcrash1.madeonearth.cz\/wp-content\/uploads\/Honza-02-2048x1365.jpg 2048w, https:\/\/webcrash1.madeonearth.cz\/wp-content\/uploads\/Honza-02-18x12.jpg 18w\" sizes=\"auto, (max-width: 2560px) 100vw, 2560px\" \/><button\n\t\t\tclass=\"lightbox-trigger\"\n\t\t\ttype=\"button\"\n\t\t\taria-haspopup=\"dialog\"\n\t\t\taria-label=\"Zv\u011bt\u0161it\"\n\t\t\tdata-wp-init=\"callbacks.initTriggerButton\"\n\t\t\tdata-wp-on--click=\"actions.showLightbox\"\n\t\t\tdata-wp-style--right=\"state.imageButtonRight\"\n\t\t\tdata-wp-style--top=\"state.imageButtonTop\"\n\t\t>\n\t\t\t<svg xmlns=\"http:\/\/www.w3.org\/2000\/svg\" width=\"12\" height=\"12\" fill=\"none\" viewBox=\"0 0 12 12\">\n\t\t\t\t<path fill=\"#fff\" d=\"M2 0a2 2 0 0 0-2 2v2h1.5V2a.5.5 0 0 1 .5-.5h2V0H2Zm2 10.5H2a.5.5 0 0 1-.5-.5V8H0v2a2 2 0 0 0 2 2h2v-1.5ZM8 12v-1.5h2a.5.5 0 0 0 .5-.5V8H12v2a2 2 0 0 1-2 2H8Zm2-12a2 2 0 0 1 2 2v2h-1.5V2a.5.5 0 0 0-.5-.5H8V0h2Z\" \/>\n\t\t\t<\/svg>\n\t\t<\/button><\/figure>\n<\/div>\n<\/div>\n","protected":false},"excerpt":{"rendered":"<p>Made On Earth Made On Earth jsou pra\u017esk\u00e1 rockov\u00e1 kapela kombinuj\u00edc\u00ed prvky progresivn\u00edho rocku, stoneru a funku. Nekompromisn\u00ed \u017eensk\u00fd zp\u011bv, divn\u00e9 kytarov\u00e9 licky, dramatick\u00e9 harmonie a tvrd\u00e1 rytmika, to jsou Made On Earth. Od roku 2023 hraje kapela ve slo\u017een\u00ed Eli\u0161ka Du\u0161kov\u00e1 (zp\u011bv), Tereza P\u0161en\u010d\u00edkov\u00e1 (kytara) a Honza Plz\u00e1k (basa). P\u0159esto\u017ee Made On Earth do [&hellip;]<\/p>\n","protected":false},"author":4,"featured_media":0,"parent":0,"menu_order":0,"comment_status":"closed","ping_status":"closed","template":"","meta":{"pgc_sgb_lightbox_settings":"","footnotes":""},"class_list":["post-563","page","type-page","status-publish","hentry"],"_links":{"self":[{"href":"https:\/\/webcrash1.madeonearth.cz\/cz\/wp-json\/wp\/v2\/pages\/563","targetHints":{"allow":["GET"]}}],"collection":[{"href":"https:\/\/webcrash1.madeonearth.cz\/cz\/wp-json\/wp\/v2\/pages"}],"about":[{"href":"https:\/\/webcrash1.madeonearth.cz\/cz\/wp-json\/wp\/v2\/types\/page"}],"author":[{"embeddable":true,"href":"https:\/\/webcrash1.madeonearth.cz\/cz\/wp-json\/wp\/v2\/users\/4"}],"replies":[{"embeddable":true,"href":"https:\/\/webcrash1.madeonearth.cz\/cz\/wp-json\/wp\/v2\/comments?post=563"}],"version-history":[{"count":61,"href":"https:\/\/webcrash1.madeonearth.cz\/cz\/wp-json\/wp\/v2\/pages\/563\/revisions"}],"predecessor-version":[{"id":913,"href":"https:\/\/webcrash1.madeonearth.cz\/cz\/wp-json\/wp\/v2\/pages\/563\/revisions\/913"}],"wp:attachment":[{"href":"https:\/\/webcrash1.madeonearth.cz\/cz\/wp-json\/wp\/v2\/media?parent=563"}],"curies":[{"name":"wp","href":"https:\/\/api.w.org\/{rel}","templated":true}]}}