{"id":794,"date":"2024-03-21T17:44:48","date_gmt":"2024-03-21T17:44:48","guid":{"rendered":"https:\/\/webcrash1.madeonearth.cz\/?page_id=794"},"modified":"2024-03-21T18:39:57","modified_gmt":"2024-03-21T18:39:57","slug":"privacy-policy","status":"publish","type":"page","link":"https:\/\/webcrash1.madeonearth.cz\/cz\/privacy-policy\/","title":{"rendered":"Spr\u00e1va osobn\u00edch \u00fadaj\u016f"},"content":{"rendered":"\n<h2 class=\"wp-block-heading\">Va\u0161e \u00fadaje<\/h2>\n\n\n\n<p>Na t\u011bchto webov\u00fdch str\u00e1nk\u00e1ch nesb\u00edr\u00e1me \u017e\u00e1dn\u00e9 va\u0161e osobn\u00ed \u00fadaje.<br><\/p>\n\n\n\n<div style=\"height:50px\" aria-hidden=\"true\" class=\"wp-block-spacer\"><\/div>\n\n\n\n<h2 class=\"wp-block-heading\">Cookies<\/h2>\n\n\n\n<p>Syst\u00e9m neukl\u00e1d\u00e1 \u017e\u00e1dn\u00e9 cookies.<\/p>\n\n\n\n<div style=\"height:50px\" aria-hidden=\"true\" class=\"wp-block-spacer\"><\/div>\n\n\n\n<h2 class=\"wp-block-heading\">Vlo\u017een\u00fd obsah z dal\u0161\u00edch web\u016f<\/h2>\n\n\n\n<p>P\u0159\u00edsp\u011bvky na t\u011bchto str\u00e1nk\u00e1ch mohou obsahovat vlo\u017een\u00fd obsah (nap\u0159\u00edklad videa, obr\u00e1zky, \u010dl\u00e1nky atd.). Vlo\u017een\u00fd obsah z jin\u00fdch webov\u00fdch str\u00e1nek se chov\u00e1 stejn\u00fdm zp\u016fsobem, jako kdyby n\u00e1v\u0161t\u011bvn\u00edk nav\u0161t\u00edvil jin\u00fd web.<\/p>\n\n\n\n<p>Tyto webov\u00e9 str\u00e1nky mohou shroma\u017e\u010fovat data o v\u00e1s, pou\u017e\u00edvat soubory cookies, vkl\u00e1dat dal\u0161\u00ed sledov\u00e1n\u00ed od t\u0159et\u00edch stran a sledovat va\u0161i interakci s t\u00edmto vlo\u017een\u00fdm obsahem, v\u010detn\u011b sledov\u00e1n\u00ed interakce s vlo\u017een\u00fdm obsahem, pokud m\u00e1te \u00fa\u010det a jste p\u0159ihl\u00e1\u0161eni na danou webovou str\u00e1nku.<\/p>\n\n\n\n<div style=\"height:50px\" aria-hidden=\"true\" class=\"wp-block-spacer\"><\/div>\n\n\n\n<h2 class=\"wp-block-heading\">V\u00fdpis aktu\u00e1ln\u00edch cookies:<\/h2>\n\n\n\n<div class=\"wp-block-columns is-layout-flex wp-container-core-columns-is-layout-28f84493 wp-block-columns-is-layout-flex\">\n<div class=\"wp-block-column is-layout-flow wp-block-column-is-layout-flow\">\n<script>\n\/\/ roz\u0159ez\u00e1n\u00ed cookies\n\/\/ vznik\u00e1 asociativn\u00ed pole poleCookies\ndocument.write( \"*** Za\u010d\u00e1tek v\u00fdpisu cookies \/ List of cookies - begin *** <br>\" ) ;\n\nrozsekaneCookies=document.cookie.split(\"; \")\npoleCookies= new Array;\nfor(i in rozsekaneCookies){\npoleCookies[(rozsekaneCookies[i].split(\"=\")[0])] = rozsekaneCookies[i].split(\"=\")[1];\ndocument.write( rozsekaneCookies[i] +\"<br>\" ) ; \n}\ndocument.write( \"<br>*** Konec v\u00fdpisu cookies \/ List of cookies - end  ***\" ) ;\n<\/script>\n<\/div>\n<\/div>\n\n\n\n<div style=\"height:50px\" aria-hidden=\"true\" class=\"wp-block-spacer\"><\/div>\n","protected":false},"excerpt":{"rendered":"<p>Va\u0161e \u00fadaje Na t\u011bchto webov\u00fdch str\u00e1nk\u00e1ch nesb\u00edr\u00e1me \u017e\u00e1dn\u00e9 va\u0161e osobn\u00ed \u00fadaje. Cookies Syst\u00e9m neukl\u00e1d\u00e1 \u017e\u00e1dn\u00e9 cookies. Vlo\u017een\u00fd obsah z dal\u0161\u00edch web\u016f P\u0159\u00edsp\u011bvky na t\u011bchto str\u00e1nk\u00e1ch mohou obsahovat vlo\u017een\u00fd obsah (nap\u0159\u00edklad videa, obr\u00e1zky, \u010dl\u00e1nky atd.). Vlo\u017een\u00fd obsah z jin\u00fdch webov\u00fdch str\u00e1nek se chov\u00e1 stejn\u00fdm zp\u016fsobem, jako kdyby n\u00e1v\u0161t\u011bvn\u00edk nav\u0161t\u00edvil jin\u00fd web. Tyto webov\u00e9 str\u00e1nky mohou shroma\u017e\u010fovat [&hellip;]<\/p>\n","protected":false},"author":4,"featured_media":0,"parent":0,"menu_order":0,"comment_status":"closed","ping_status":"closed","template":"","meta":{"pgc_sgb_lightbox_settings":"","footnotes":""},"class_list":["post-794","page","type-page","status-publish","hentry"],"_links":{"self":[{"href":"https:\/\/webcrash1.madeonearth.cz\/cz\/wp-json\/wp\/v2\/pages\/794","targetHints":{"allow":["GET"]}}],"collection":[{"href":"https:\/\/webcrash1.madeonearth.cz\/cz\/wp-json\/wp\/v2\/pages"}],"about":[{"href":"https:\/\/webcrash1.madeonearth.cz\/cz\/wp-json\/wp\/v2\/types\/page"}],"author":[{"embeddable":true,"href":"https:\/\/webcrash1.madeonearth.cz\/cz\/wp-json\/wp\/v2\/users\/4"}],"replies":[{"embeddable":true,"href":"https:\/\/webcrash1.madeonearth.cz\/cz\/wp-json\/wp\/v2\/comments?post=794"}],"version-history":[{"count":5,"href":"https:\/\/webcrash1.madeonearth.cz\/cz\/wp-json\/wp\/v2\/pages\/794\/revisions"}],"predecessor-version":[{"id":801,"href":"https:\/\/webcrash1.madeonearth.cz\/cz\/wp-json\/wp\/v2\/pages\/794\/revisions\/801"}],"wp:attachment":[{"href":"https:\/\/webcrash1.madeonearth.cz\/cz\/wp-json\/wp\/v2\/media?parent=794"}],"curies":[{"name":"wp","href":"https:\/\/api.w.org\/{rel}","templated":true}]}}