{"id":972,"date":"2024-12-29T09:08:32","date_gmt":"2024-12-29T09:08:32","guid":{"rendered":"https:\/\/webcrash1.madeonearth.cz\/?page_id=972"},"modified":"2025-02-22T19:02:38","modified_gmt":"2025-02-22T19:02:38","slug":"novinky","status":"publish","type":"page","link":"https:\/\/webcrash1.madeonearth.cz\/cz\/","title":{"rendered":"Novinky"},"content":{"rendered":"\n<div class=\"wp-block-cover alignfull wp-duotone-duotone-1\" style=\"margin-top:0;margin-bottom:0;padding-top:0;padding-right:0;padding-bottom:0;padding-left:0;min-height:350px;aspect-ratio:unset;\"><span aria-hidden=\"true\" class=\"wp-block-cover__background has-base-background-color has-background-dim-60 has-background-dim\"><\/span><img loading=\"lazy\" decoding=\"async\" width=\"1920\" height=\"872\" class=\"wp-block-cover__image-background wp-image-462\" alt=\"\" src=\"https:\/\/webcrash1.madeonearth.cz\/wp-content\/uploads\/bckgrnd-eliska-01.jpg\" style=\"object-position:44% 42%\" data-object-fit=\"cover\" data-object-position=\"44% 42%\" srcset=\"https:\/\/webcrash1.madeonearth.cz\/wp-content\/uploads\/bckgrnd-eliska-01.jpg 1920w, https:\/\/webcrash1.madeonearth.cz\/wp-content\/uploads\/bckgrnd-eliska-01-300x136.jpg 300w, https:\/\/webcrash1.madeonearth.cz\/wp-content\/uploads\/bckgrnd-eliska-01-1200x545.jpg 1200w, https:\/\/webcrash1.madeonearth.cz\/wp-content\/uploads\/bckgrnd-eliska-01-150x68.jpg 150w, https:\/\/webcrash1.madeonearth.cz\/wp-content\/uploads\/bckgrnd-eliska-01-768x349.jpg 768w, https:\/\/webcrash1.madeonearth.cz\/wp-content\/uploads\/bckgrnd-eliska-01-1536x698.jpg 1536w, https:\/\/webcrash1.madeonearth.cz\/wp-content\/uploads\/bckgrnd-eliska-01-18x8.jpg 18w\" sizes=\"auto, (max-width: 1920px) 100vw, 1920px\" \/><div class=\"wp-block-cover__inner-container has-global-padding is-layout-constrained wp-container-core-cover-is-layout-8f6f1862 wp-block-cover-is-layout-constrained\">\n<h1 class=\"wp-block-heading has-text-align-center has-x-large-font-size\"><strong>Novinky<\/strong><\/h1>\n<\/div><\/div>\n\n\n\n<div style=\"height:100px\" aria-hidden=\"true\" class=\"wp-block-spacer\"><\/div>\n\n\n\n<div class=\"wp-block-group has-base-2-background-color has-background has-global-padding is-layout-constrained wp-block-group-is-layout-constrained\" style=\"border-radius:15px;padding-bottom:0px\">\n<h2 class=\"wp-block-heading\" style=\"padding-top:0.8rem;padding-right:1.3rem;padding-bottom:0.8rem;padding-left:1.3rem\">Poj\u010fte 17. b\u0159ezna do Vagonu!<\/h2>\n\n\n\n<p style=\"padding-right:1.3rem;padding-left:1.3rem\"><img loading=\"lazy\" decoding=\"async\" height=\"16\" width=\"16\" alt=\"?\" src=\"https:\/\/ci3.googleusercontent.com\/meips\/ADKq_NbUGugvM9dWUm2czXiltWtZIT0pPafb8LA3oC6pdtGgC8EzIXbCHBKt9aq4usjT-nc_20KmKAko2YM8uzAx3K8H2oe96e2aDh5Gal70DdCI0MGtN5pTpPA=s0-d-e1-ft#https:\/\/static.xx.fbcdn.net\/images\/emoji.php\/v9\/t50\/1\/16\/1f525.png\">MADE ON EARTH &amp; AFTERSPOON LIVE<img loading=\"lazy\" decoding=\"async\" height=\"16\" width=\"16\" alt=\"?\" src=\"https:\/\/ci3.googleusercontent.com\/meips\/ADKq_NbUGugvM9dWUm2czXiltWtZIT0pPafb8LA3oC6pdtGgC8EzIXbCHBKt9aq4usjT-nc_20KmKAko2YM8uzAx3K8H2oe96e2aDh5Gal70DdCI0MGtN5pTpPA=s0-d-e1-ft#https:\/\/static.xx.fbcdn.net\/images\/emoji.php\/v9\/t50\/1\/16\/1f525.png\"><\/p>\n\n\n\n<p style=\"padding-right:1.3rem;padding-left:1.3rem\">V pond\u011bl\u00ed 17. 3. zahrajeme s legend\u00e1rn\u00edma <a href=\"https:\/\/www.facebook.com\/afterspoonband\" target=\"_blank\" rel=\"noreferrer noopener\">AFTERSPOON<\/a> v legend\u00e1rn\u00edm <a href=\"https:\/\/www.facebook.com\/klubvagon\" target=\"_blank\" rel=\"noreferrer noopener\">Vagon Klub (OFFICIAL)<\/a>  <img loading=\"lazy\" decoding=\"async\" height=\"16\" width=\"16\" src=\"https:\/\/ci3.googleusercontent.com\/meips\/ADKq_NbUJwvcAB50O14MnSu1TSPOuCSBsrxMejc11PcHr25CbDOL1URY8m7tF6mwxzTHkrz3hM9nGcuax4oguPtG1s3iauYR_3e1iVLLLJaEgCJo4naQry5ciZE=s0-d-e1-ft#https:\/\/static.xx.fbcdn.net\/images\/emoji.php\/v9\/t21\/1\/16\/1f3b8.png\" alt=\"?\"><img loading=\"lazy\" decoding=\"async\" height=\"16\" width=\"16\" src=\"https:\/\/ci3.googleusercontent.com\/meips\/ADKq_Nb7uyTiKHZYJZYOMTEl3nl9gFmZdMN6V6Y549Q481PKI3R00iPE_SFDqzPeu-mj3SOkpRUnfH79jVh40ICYieNNQi3gRZ_gJdmQ0VL0s9uv4UOQRek4Hg=s0-d-e1-ft#https:\/\/static.xx.fbcdn.net\/images\/emoji.php\/v9\/t5d\/1\/16\/26a1.png\" alt=\"\u26a1\"><img loading=\"lazy\" decoding=\"async\" height=\"16\" width=\"16\" src=\"https:\/\/ci3.googleusercontent.com\/meips\/ADKq_NadmXsF2Dmu12ROzQZGL5hk9j7dtjhC2AohIKct1W0MyTkwsxm6YvvYe9Ju9Bl6gimVAC_EaUXEhkF19-KkUHd4a5jW2l2NFsVpTE1ItBFUsBotsC-u12M=s0-d-e1-ft#https:\/\/static.xx.fbcdn.net\/images\/emoji.php\/v9\/t3f\/1\/16\/1f30d.png\" alt=\"?\"><img loading=\"lazy\" decoding=\"async\" height=\"16\" width=\"16\" src=\"https:\/\/ci3.googleusercontent.com\/meips\/ADKq_NZjkW29FQeus__CGyN-tx4uN0BVmxtUFydlvOA0esGja6BeHSLk-NUxVdnU4D3H8T_kDk8EPNynKpHfNsgpr6kPe--ZjOslo3HWAVI5UbJdNVRzi2lUlbw=s0-d-e1-ft#https:\/\/static.xx.fbcdn.net\/images\/emoji.php\/v9\/t11\/1\/16\/1f944.png\" alt=\"?\"><\/p>\n\n\n\n<p style=\"padding-right:1.3rem;padding-left:1.3rem\">Tak klikni sem a p\u0159ij\u010f <img loading=\"lazy\" decoding=\"async\" height=\"16\" width=\"16\" src=\"https:\/\/ci3.googleusercontent.com\/meips\/ADKq_NaOq0nEMUzBVGI29PGyabUzNKI0HNHh3avACFbTcE6uMIISDkr5XYeRnrBiRaz68Ny4JKTqi0Al_NJBEi_L0OGdPT4DqNWXJomMe2P0CyYOKNvLiWR53rE=s0-d-e1-ft#https:\/\/static.xx.fbcdn.net\/images\/emoji.php\/v9\/ta1\/1\/16\/1f61d.png\" alt=\"?\"><img loading=\"lazy\" decoding=\"async\" height=\"16\" width=\"16\" src=\"https:\/\/ci3.googleusercontent.com\/meips\/ADKq_NZVPkFmsl4jB8Bo71NQyFq87u5-M6Dlh7M6M2RLseekLyCw2c9SQUp4007Ms-C84gD3OnwU4oRwKaR4VRri118H198wHS5_CWHTtA4Ij7R8Fb_ePAcuPBQ=s0-d-e1-ft#https:\/\/static.xx.fbcdn.net\/images\/emoji.php\/v9\/t51\/1\/16\/1f449.png\" alt=\"?\"> <a href=\"https:\/\/www.facebook.com\/share\/166EkQ7PKz\/\" target=\"_blank\" rel=\"noreferrer noopener\">fb.com\/share\/166EkQ7PKz\/<\/a><\/p>\n\n\n\n<figure class=\"wp-block-image size-large has-custom-border\"><a href=\"https:\/\/www.facebook.com\/share\/166EkQ7PKz\/\" target=\"_blank\"><img loading=\"lazy\" decoding=\"async\" width=\"1200\" height=\"628\" src=\"https:\/\/webcrash1.madeonearth.cz\/wp-content\/uploads\/250317_Vagon_udalost-1200x628.jpg\" alt=\"\" class=\"wp-image-1020\" style=\"border-top-left-radius:0px;border-top-right-radius:0px;border-bottom-left-radius:15px;border-bottom-right-radius:15px\" srcset=\"https:\/\/webcrash1.madeonearth.cz\/wp-content\/uploads\/250317_Vagon_udalost-1200x628.jpg 1200w, https:\/\/webcrash1.madeonearth.cz\/wp-content\/uploads\/250317_Vagon_udalost-300x157.jpg 300w, https:\/\/webcrash1.madeonearth.cz\/wp-content\/uploads\/250317_Vagon_udalost-150x79.jpg 150w, https:\/\/webcrash1.madeonearth.cz\/wp-content\/uploads\/250317_Vagon_udalost-768x402.jpg 768w, https:\/\/webcrash1.madeonearth.cz\/wp-content\/uploads\/250317_Vagon_udalost-1536x804.jpg 1536w, https:\/\/webcrash1.madeonearth.cz\/wp-content\/uploads\/250317_Vagon_udalost-18x9.jpg 18w, https:\/\/webcrash1.madeonearth.cz\/wp-content\/uploads\/250317_Vagon_udalost.jpg 1920w\" sizes=\"auto, (max-width: 1200px) 100vw, 1200px\" \/><\/a><\/figure>\n<\/div>\n\n\n\n<div style=\"height:50px\" aria-hidden=\"true\" class=\"wp-block-spacer\"><\/div>\n\n\n\n<div class=\"wp-block-group has-base-2-background-color has-background has-global-padding is-layout-constrained wp-block-group-is-layout-constrained\" style=\"border-radius:15px;padding-bottom:0px\">\n<h2 class=\"wp-block-heading\" style=\"padding-top:0.8rem;padding-right:1.3rem;padding-bottom:0.8rem;padding-left:1.3rem\">Debutov\u00fd singl &#8218;Sunlight&#8216; je venku!<\/h2>\n\n\n\n<p class=\"has-text-align-left has-contrast-color has-text-color has-link-color has-small-font-size wp-elements-1db2b02348bb34bae5af4e9b79ebd2d4\" style=\"margin-top:var(--wp--preset--spacing--10);margin-right:var(--wp--preset--spacing--10);margin-bottom:var(--wp--preset--spacing--10);padding-right:1.3rem;padding-left:1.3rem\">3.9.2024<br><\/p>\n\n\n\n<p style=\"padding-right:1.3rem;padding-left:1.3rem\">A je to tady! N\u00e1\u0161 prvn\u00ed single &#8218;Sunlight&#8216; je venku a my m\u00e1me ohromnou radost!<\/p>\n\n\n\n<p style=\"padding-right:1.3rem;padding-left:1.3rem\">Singl &#8218;Sunlight&#8216; si m\u016f\u017eete poslechnout na Spotify, Apple Music a dal\u0161\u00edch platform\u00e1ch, na kter\u00e9 se dostanete kliknut\u00edm na tento link <a href=\"https:\/\/distrokid.com\/hyperfollow\/madeonearth1\/sunlight\" target=\"_blank\" rel=\"noreferrer noopener\"><img loading=\"lazy\" decoding=\"async\" height=\"16\" width=\"16\" src=\"https:\/\/static.xx.fbcdn.net\/images\/emoji.php\/v9\/t51\/1\/16\/1f449.png\" alt=\"?\"> <u>distrokid.com\/&#8230;<\/u><\/a><\/p>\n\n\n\n<p style=\"padding-right:1.3rem;padding-left:1.3rem\">Anebo si jej poslechn\u011bte na YouTube p\u0159\u00edmo tady <img loading=\"lazy\" decoding=\"async\" height=\"16\" width=\"16\" src=\"https:\/\/static.xx.fbcdn.net\/images\/emoji.php\/v9\/t51\/1\/16\/1f449.png\" alt=\"?\"> <\/p>\n\n\n\n<figure class=\"wp-block-embed is-type-video is-provider-youtube wp-block-embed-youtube wp-embed-aspect-4-3 wp-has-aspect-ratio\" style=\"border-top-left-radius:0px;border-top-right-radius:0px;border-bottom-left-radius:15px;border-bottom-right-radius:15px;margin-right:0px\"><div class=\"wp-block-embed__wrapper\">\n<iframe loading=\"lazy\" title=\"Made On Earth - Sunlight (Single)\" width=\"500\" height=\"375\" src=\"https:\/\/www.youtube.com\/embed\/z16bKvzOd-k?feature=oembed\" frameborder=\"0\" allow=\"accelerometer; autoplay; clipboard-write; encrypted-media; gyroscope; picture-in-picture; web-share\" referrerpolicy=\"strict-origin-when-cross-origin\" allowfullscreen><\/iframe>\n<\/div><\/figure>\n<\/div>\n\n\n\n<div style=\"height:50px\" aria-hidden=\"true\" class=\"wp-block-spacer\"><\/div>\n\n\n\n<div class=\"wp-block-group has-base-2-background-color has-background has-global-padding is-layout-constrained wp-block-group-is-layout-constrained\" style=\"border-radius:15px;padding-bottom:0px\">\n<h2 class=\"wp-block-heading\" style=\"padding-top:0.8rem;padding-right:1.3rem;padding-bottom:0.8rem;padding-left:1.3rem\">V z\u00e1\u0159\u00ed n\u00e1m vyjde prvn\u00ed singl &#8218;Sunlight&#8216;<\/h2>\n\n\n\n<p class=\"has-text-align-left has-contrast-color has-text-color has-link-color has-small-font-size wp-elements-048c500bcc9066c41457b9bc0495333e\" style=\"margin-top:var(--wp--preset--spacing--10);margin-right:var(--wp--preset--spacing--10);margin-bottom:var(--wp--preset--spacing--10);padding-right:1.3rem;padding-left:1.3rem\">2.8.2024<br><\/p>\n\n\n\n<p style=\"padding-right:1.3rem;padding-left:1.3rem\">Prvn\u00ed \u0161koln\u00ed den 2. z\u00e1\u0159\u00ed v 19:00 vyd\u00e1v\u00e1me n\u00e1\u0161 prvn\u00ed single &#8218;Sunlight&#8216;!<\/p>\n\n\n\n<p style=\"padding-right:1.3rem;padding-left:1.3rem\">Singl &#8218;Sunlight&#8216; bude k dispozici na Spotify, Apple Music, YouTube a dal\u0161\u00edch platform\u00e1ch.<\/p>\n\n\n\n<p style=\"padding-right:1.3rem;padding-left:1.3rem\">Ji\u017e te\u010f si jej m\u016f\u017eete ulo\u017eit na Spotify na tomto linku  <a href=\"https:\/\/distrokid.com\/hyperfollow\/madeonearth1\/sunlight\" target=\"_blank\" rel=\"noreferrer noopener\"><img loading=\"lazy\" decoding=\"async\" height=\"16\" width=\"16\" src=\"https:\/\/static.xx.fbcdn.net\/images\/emoji.php\/v9\/t51\/1\/16\/1f449.png\" alt=\"?\"> <u>distrokid.com\/&#8230;<\/u><\/a><\/p>\n\n\n\n<p style=\"padding-right:1.3rem;padding-left:1.3rem\"><br><\/p>\n\n\n\n<figure class=\"wp-block-image size-large has-custom-border\"><img loading=\"lazy\" decoding=\"async\" width=\"1200\" height=\"800\" src=\"https:\/\/webcrash1.madeonearth.cz\/wp-content\/uploads\/Sunlight_FB_post_2-1200x800.jpg\" alt=\"\" class=\"wp-image-903\" style=\"border-top-left-radius:0px;border-top-right-radius:0px;border-bottom-left-radius:15px;border-bottom-right-radius:15px\" srcset=\"https:\/\/webcrash1.madeonearth.cz\/wp-content\/uploads\/Sunlight_FB_post_2-1200x800.jpg 1200w, https:\/\/webcrash1.madeonearth.cz\/wp-content\/uploads\/Sunlight_FB_post_2-300x200.jpg 300w, https:\/\/webcrash1.madeonearth.cz\/wp-content\/uploads\/Sunlight_FB_post_2-150x100.jpg 150w, https:\/\/webcrash1.madeonearth.cz\/wp-content\/uploads\/Sunlight_FB_post_2-768x512.jpg 768w, https:\/\/webcrash1.madeonearth.cz\/wp-content\/uploads\/Sunlight_FB_post_2-1536x1024.jpg 1536w, https:\/\/webcrash1.madeonearth.cz\/wp-content\/uploads\/Sunlight_FB_post_2-2048x1365.jpg 2048w, https:\/\/webcrash1.madeonearth.cz\/wp-content\/uploads\/Sunlight_FB_post_2-18x12.jpg 18w\" sizes=\"auto, (max-width: 1200px) 100vw, 1200px\" \/><\/figure>\n<\/div>\n\n\n\n<div style=\"height:50px\" aria-hidden=\"true\" class=\"wp-block-spacer\"><\/div>\n\n\n\n<div class=\"wp-block-group has-base-2-background-color has-background has-global-padding is-layout-constrained wp-block-group-is-layout-constrained\" style=\"border-radius:15px;padding-bottom:0px\">\n<h2 class=\"wp-block-heading\" style=\"padding-top:0.8rem;padding-right:1.3rem;padding-bottom:0.8rem;padding-left:1.3rem\">Jdeme hr\u00e1t!<\/h2>\n\n\n\n<p class=\"has-text-align-left has-contrast-color has-text-color has-link-color has-small-font-size wp-elements-c8f0ccf49ac98a2f0fa4c363ec5d5d0c\" style=\"margin-top:var(--wp--preset--spacing--10);margin-right:var(--wp--preset--spacing--10);margin-bottom:var(--wp--preset--spacing--10);padding-right:1.3rem;padding-left:1.3rem\">27.4.2024<br><\/p>\n\n\n\n<p style=\"padding-right:1.3rem;padding-left:1.3rem\">Po\u0159\u00e1d nem\u016f\u017eeme naj\u00edt buben\u00edka a u\u017e n\u00e1s to fakt \u0161tve! V hled\u00e1n\u00ed pokra\u010dujeme, ale rozhodli jsme se, \u017ee i tak do toho pra\u0161t\u00edme. Za\u010dneme koncertovat ve t\u0159ech, bic\u00ed si budeme pou\u0161t\u011bt jako sampl a nato\u010d\u00edme n\u00e1\u0161 prvn\u00ed singl. Hur\u00e1! Slovy se snad ani ned\u00e1 popsat, jak se t\u011b\u0161\u00edme!<br><\/p>\n\n\n\n<figure class=\"wp-block-image size-large has-custom-border\"><img loading=\"lazy\" decoding=\"async\" width=\"1099\" height=\"1200\" src=\"https:\/\/webcrash1.madeonearth.cz\/wp-content\/uploads\/JDEME_HRAT2-1099x1200.webp\" alt=\"\" class=\"wp-image-932\" style=\"border-top-left-radius:0px;border-top-right-radius:0px;border-bottom-left-radius:15px;border-bottom-right-radius:15px\" srcset=\"https:\/\/webcrash1.madeonearth.cz\/wp-content\/uploads\/JDEME_HRAT2-1099x1200.webp 1099w, https:\/\/webcrash1.madeonearth.cz\/wp-content\/uploads\/JDEME_HRAT2-275x300.webp 275w, https:\/\/webcrash1.madeonearth.cz\/wp-content\/uploads\/JDEME_HRAT2-137x150.webp 137w, https:\/\/webcrash1.madeonearth.cz\/wp-content\/uploads\/JDEME_HRAT2-768x839.webp 768w, https:\/\/webcrash1.madeonearth.cz\/wp-content\/uploads\/JDEME_HRAT2-11x12.webp 11w, https:\/\/webcrash1.madeonearth.cz\/wp-content\/uploads\/JDEME_HRAT2.webp 1368w\" sizes=\"auto, (max-width: 1099px) 100vw, 1099px\" \/><\/figure>\n<\/div>\n\n\n\n<div style=\"height:50px\" aria-hidden=\"true\" class=\"wp-block-spacer\"><\/div>\n\n\n\n<div class=\"wp-block-group has-base-2-background-color has-background has-global-padding is-layout-constrained wp-block-group-is-layout-constrained\" style=\"border-radius:15px;padding-bottom:0px\">\n<h2 class=\"wp-block-heading\" style=\"padding-top:0.8rem;padding-right:1.3rem;padding-bottom:0.8rem;padding-left:1.3rem\">V\u00edtejte na webu Made On Earth!<\/h2>\n\n\n\n<p class=\"has-text-align-left has-contrast-color has-text-color has-link-color has-small-font-size wp-elements-d159a05dcdd73900f5576166f071e0c5\" style=\"margin-top:var(--wp--preset--spacing--10);margin-right:var(--wp--preset--spacing--10);margin-bottom:var(--wp--preset--spacing--10);padding-right:1.3rem;padding-left:1.3rem\">12.1.2024<br><\/p>\n\n\n\n<p style=\"padding-right:1.3rem;padding-left:1.3rem\">Ahoj, v\u00edtejte na zbrusu nov\u00e9m webu kapely Made on Earth. Jsme rockov\u00e1 kapela z&nbsp;Prahy a kombinujeme progresivn\u00ed rock s&nbsp;prvky stoneru a funky.<br><br>Co u n\u00e1s m\u016f\u017eete \u010dekat? Suver\u00e9nn\u00ed \u017eensk\u00fd vok\u00e1l zp\u011bva\u010dky Eli\u0161ky, kter\u00fd v\u00e1s odfoukne jako vich\u0159ice, netradi\u010dn\u00ed instrument\u00e1ln\u00ed p\u0159istup, divn\u00e9 kytarov\u00e9 licky a taky po\u0159\u00e1dn\u00fd n\u00e1\u0159ez.<br><br>Jako kapela u\u017e p\u016fsob\u00edme n\u011bjakou dobu, av\u0161ak jsme zat\u00edm nena\u0161li st\u00e1l\u00e9ho buben\u00edka, kter\u00fd by u\u010dinil kapelu kompletn\u00ed, a mohli hr\u00e1t \u017eiv\u011b.<br><br>Pokud tedy zn\u00e1te n\u011bjak\u00e9ho buben\u00edka, kter\u00fd by se k&nbsp;n\u00e1m mohl hodit, dejte n\u00e1m, pros\u00edm, v\u011bd\u011bt.<br><br>Moment\u00e1ln\u011b tedy poctiv\u011b nacvi\u010dujeme songy a nahr\u00e1v\u00e1me dema, aby buben\u00edk zapadl jako posledn\u00ed d\u00edlek skl\u00e1da\u010dky a my mohli za\u010d\u00edt dob\u00fdvat vesm\u00edr.<br><\/p>\n\n\n\n<figure data-wp-context=\"{&quot;imageId&quot;:&quot;69e3647819eba&quot;}\" data-wp-interactive=\"core\/image\" data-wp-key=\"69e3647819eba\" class=\"wp-block-image size-full has-custom-border wp-lightbox-container\" style=\"margin-right:0px\"><img loading=\"lazy\" decoding=\"async\" width=\"1761\" height=\"1248\" data-wp-class--hide=\"state.isContentHidden\" data-wp-class--show=\"state.isContentVisible\" data-wp-init=\"callbacks.setButtonStyles\" data-wp-on--click=\"actions.showLightbox\" data-wp-on--load=\"callbacks.setButtonStyles\" data-wp-on-window--resize=\"callbacks.setButtonStyles\" src=\"https:\/\/webcrash1.madeonearth.cz\/wp-content\/uploads\/MOE_promofoto_2401022.webp\" alt=\"\" class=\"wp-image-933\" style=\"border-top-left-radius:0px;border-top-right-radius:0px;border-bottom-left-radius:15px;border-bottom-right-radius:15px\" srcset=\"https:\/\/webcrash1.madeonearth.cz\/wp-content\/uploads\/MOE_promofoto_2401022.webp 1761w, https:\/\/webcrash1.madeonearth.cz\/wp-content\/uploads\/MOE_promofoto_2401022-300x213.webp 300w, https:\/\/webcrash1.madeonearth.cz\/wp-content\/uploads\/MOE_promofoto_2401022-1200x850.webp 1200w, https:\/\/webcrash1.madeonearth.cz\/wp-content\/uploads\/MOE_promofoto_2401022-150x106.webp 150w, https:\/\/webcrash1.madeonearth.cz\/wp-content\/uploads\/MOE_promofoto_2401022-768x544.webp 768w, https:\/\/webcrash1.madeonearth.cz\/wp-content\/uploads\/MOE_promofoto_2401022-1536x1089.webp 1536w, https:\/\/webcrash1.madeonearth.cz\/wp-content\/uploads\/MOE_promofoto_2401022-18x12.webp 18w\" sizes=\"auto, (max-width: 1761px) 100vw, 1761px\" \/><button\n\t\t\tclass=\"lightbox-trigger\"\n\t\t\ttype=\"button\"\n\t\t\taria-haspopup=\"dialog\"\n\t\t\taria-label=\"Zv\u011bt\u0161it\"\n\t\t\tdata-wp-init=\"callbacks.initTriggerButton\"\n\t\t\tdata-wp-on--click=\"actions.showLightbox\"\n\t\t\tdata-wp-style--right=\"state.imageButtonRight\"\n\t\t\tdata-wp-style--top=\"state.imageButtonTop\"\n\t\t>\n\t\t\t<svg xmlns=\"http:\/\/www.w3.org\/2000\/svg\" width=\"12\" height=\"12\" fill=\"none\" viewBox=\"0 0 12 12\">\n\t\t\t\t<path fill=\"#fff\" d=\"M2 0a2 2 0 0 0-2 2v2h1.5V2a.5.5 0 0 1 .5-.5h2V0H2Zm2 10.5H2a.5.5 0 0 1-.5-.5V8H0v2a2 2 0 0 0 2 2h2v-1.5ZM8 12v-1.5h2a.5.5 0 0 0 .5-.5V8H12v2a2 2 0 0 1-2 2H8Zm2-12a2 2 0 0 1 2 2v2h-1.5V2a.5.5 0 0 0-.5-.5H8V0h2Z\" \/>\n\t\t\t<\/svg>\n\t\t<\/button><\/figure>\n<\/div>\n","protected":false},"excerpt":{"rendered":"<p>Poj\u010fte 17. b\u0159ezna do Vagonu! MADE ON EARTH &amp; AFTERSPOON LIVE V pond\u011bl\u00ed 17. 3. zahrajeme s legend\u00e1rn\u00edma AFTERSPOON v legend\u00e1rn\u00edm Vagon Klub (OFFICIAL) Tak klikni sem a p\u0159ij\u010f fb.com\/share\/166EkQ7PKz\/ Debutov\u00fd singl &#8218;Sunlight&#8216; je venku! 3.9.2024 A je to tady! N\u00e1\u0161 prvn\u00ed single &#8218;Sunlight&#8216; je venku a my m\u00e1me ohromnou radost! Singl &#8218;Sunlight&#8216; si m\u016f\u017eete [&hellip;]<\/p>\n","protected":false},"author":4,"featured_media":0,"parent":0,"menu_order":0,"comment_status":"closed","ping_status":"closed","template":"","meta":{"pgc_sgb_lightbox_settings":"","footnotes":""},"class_list":["post-972","page","type-page","status-publish","hentry"],"_links":{"self":[{"href":"https:\/\/webcrash1.madeonearth.cz\/cz\/wp-json\/wp\/v2\/pages\/972","targetHints":{"allow":["GET"]}}],"collection":[{"href":"https:\/\/webcrash1.madeonearth.cz\/cz\/wp-json\/wp\/v2\/pages"}],"about":[{"href":"https:\/\/webcrash1.madeonearth.cz\/cz\/wp-json\/wp\/v2\/types\/page"}],"author":[{"embeddable":true,"href":"https:\/\/webcrash1.madeonearth.cz\/cz\/wp-json\/wp\/v2\/users\/4"}],"replies":[{"embeddable":true,"href":"https:\/\/webcrash1.madeonearth.cz\/cz\/wp-json\/wp\/v2\/comments?post=972"}],"version-history":[{"count":29,"href":"https:\/\/webcrash1.madeonearth.cz\/cz\/wp-json\/wp\/v2\/pages\/972\/revisions"}],"predecessor-version":[{"id":1038,"href":"https:\/\/webcrash1.madeonearth.cz\/cz\/wp-json\/wp\/v2\/pages\/972\/revisions\/1038"}],"wp:attachment":[{"href":"https:\/\/webcrash1.madeonearth.cz\/cz\/wp-json\/wp\/v2\/media?parent=972"}],"curies":[{"name":"wp","href":"https:\/\/api.w.org\/{rel}","templated":true}]}}