{"id":118,"date":"2023-12-07T15:27:49","date_gmt":"2023-12-07T15:27:49","guid":{"rendered":"https:\/\/webcrash1.madeonearth.cz\/?page_id=118"},"modified":"2025-04-07T16:58:08","modified_gmt":"2025-04-07T16:58:08","slug":"koncerty","status":"publish","type":"page","link":"https:\/\/webcrash1.madeonearth.cz\/en\/koncerty\/","title":{"rendered":"Shows"},"content":{"rendered":"<div class=\"wp-block-cover alignfull wp-duotone-duotone-1\"><span aria-hidden=\"true\" class=\"wp-block-cover__background has-background-dim-20 has-background-dim\"><\/span><img loading=\"lazy\" decoding=\"async\" width=\"1920\" height=\"430\" class=\"wp-block-cover__image-background wp-image-595\" alt=\"\" src=\"https:\/\/webcrash1.madeonearth.cz\/wp-content\/uploads\/bckgrnd-terka-02.jpg\" style=\"object-position:46% 41%\" data-object-fit=\"cover\" data-object-position=\"46% 41%\" srcset=\"https:\/\/webcrash1.madeonearth.cz\/wp-content\/uploads\/bckgrnd-terka-02.jpg 1920w, https:\/\/webcrash1.madeonearth.cz\/wp-content\/uploads\/bckgrnd-terka-02-300x67.jpg 300w, https:\/\/webcrash1.madeonearth.cz\/wp-content\/uploads\/bckgrnd-terka-02-1200x269.jpg 1200w, https:\/\/webcrash1.madeonearth.cz\/wp-content\/uploads\/bckgrnd-terka-02-150x34.jpg 150w, https:\/\/webcrash1.madeonearth.cz\/wp-content\/uploads\/bckgrnd-terka-02-768x172.jpg 768w, https:\/\/webcrash1.madeonearth.cz\/wp-content\/uploads\/bckgrnd-terka-02-1536x344.jpg 1536w, https:\/\/webcrash1.madeonearth.cz\/wp-content\/uploads\/bckgrnd-terka-02-18x4.jpg 18w\" sizes=\"auto, (max-width: 1920px) 100vw, 1920px\" \/><div class=\"wp-block-cover__inner-container has-global-padding is-layout-constrained wp-block-cover-is-layout-constrained\">\n<h1 class=\"wp-block-heading has-text-align-center has-x-large-font-size\"><strong>Shows<\/strong><\/h1>\n<\/div><\/div>\n\n\n\n<div style=\"height:50px\" aria-hidden=\"true\" class=\"wp-block-spacer\"><\/div>\n\n\n\n<div class=\"wp-block-columns has-border-color has-base-2-background-color has-background is-layout-flex wp-container-core-columns-is-layout-e0604bfa wp-block-columns-is-layout-flex\" style=\"border-color:#303030;border-radius:15px;padding-top:0.6rem;padding-right:var(--wp--preset--spacing--10);padding-bottom:0.4rem;padding-left:var(--wp--preset--spacing--10)\">\n<div class=\"wp-block-column is-layout-flow wp-block-column-is-layout-flow\">\n<h2 class=\"wp-block-heading\">Upcoming shows<\/h2>\n<\/div>\n<\/div>\n\n\n\n<div class=\"wp-block-columns has-border-color has-base-2-background-color has-background is-layout-flex wp-container-core-columns-is-layout-e0604bfa wp-block-columns-is-layout-flex\" style=\"border-color:#303030;border-radius:15px;padding-top:0.6rem;padding-right:var(--wp--preset--spacing--10);padding-bottom:0.4rem;padding-left:var(--wp--preset--spacing--10)\">\n<div class=\"wp-block-column is-vertically-aligned-top is-layout-flow wp-container-core-column-is-layout-b2a27621 wp-block-column-is-layout-flow\" style=\"padding-top:0;padding-right:0;padding-bottom:0;padding-left:0;flex-basis:50%\">\n<p class=\"has-text-align-left\" style=\"margin-top:0;margin-right:0;margin-bottom:0;margin-left:0\"><span><mark style=\"background-color: rgba(0, 0, 0, 0);\" class=\"has-inline-color has-custom-accent-lut-color\"><b>18. 4. 2025<\/b><\/mark><\/span><\/p>\n\n\n\n<div style=\"height:40px\" aria-hidden=\"true\" class=\"wp-block-spacer\"><\/div>\n\n\n\n<p class=\"has-text-align-left\" style=\"margin-top:0;margin-right:0;margin-bottom:0;margin-left:0\">The Stage, Praha<\/p>\n\n\n\n<p>+ FRAM, MadNoise<\/p>\n\n\n\n<div style=\"height:40px\" aria-hidden=\"true\" class=\"wp-block-spacer\"><\/div>\n<\/div>\n\n\n\n<div class=\"wp-block-column is-layout-flow wp-block-column-is-layout-flow\" style=\"flex-basis:50%\">\n<figure class=\"wp-block-image size-large\"><a href=\"https:\/\/fb.me\/e\/4thTmPIJQ\" target=\"_blank\" rel=\" noreferrer noopener\"><img loading=\"lazy\" decoding=\"async\" width=\"1200\" height=\"628\" src=\"https:\/\/webcrash1.madeonearth.cz\/wp-content\/uploads\/250418_The_Stage-1200x628.jpg\" alt=\"\" class=\"wp-image-1056\" srcset=\"https:\/\/webcrash1.madeonearth.cz\/wp-content\/uploads\/250418_The_Stage-1200x628.jpg 1200w, https:\/\/webcrash1.madeonearth.cz\/wp-content\/uploads\/250418_The_Stage-300x157.jpg 300w, https:\/\/webcrash1.madeonearth.cz\/wp-content\/uploads\/250418_The_Stage-150x79.jpg 150w, https:\/\/webcrash1.madeonearth.cz\/wp-content\/uploads\/250418_The_Stage-768x402.jpg 768w, https:\/\/webcrash1.madeonearth.cz\/wp-content\/uploads\/250418_The_Stage-1536x804.jpg 1536w, https:\/\/webcrash1.madeonearth.cz\/wp-content\/uploads\/250418_The_Stage-18x9.jpg 18w, https:\/\/webcrash1.madeonearth.cz\/wp-content\/uploads\/250418_The_Stage.jpg 1920w\" sizes=\"auto, (max-width: 1200px) 100vw, 1200px\" \/><\/a><\/figure>\n<\/div>\n<\/div>\n\n\n\n<div style=\"height:100px\" aria-hidden=\"true\" class=\"wp-block-spacer\"><\/div>\n\n\n\n<div class=\"wp-block-columns has-border-color has-base-2-background-color has-background is-layout-flex wp-container-core-columns-is-layout-e0604bfa wp-block-columns-is-layout-flex\" style=\"border-color:#303030;border-radius:15px;padding-top:0.6rem;padding-right:var(--wp--preset--spacing--10);padding-bottom:0.4rem;padding-left:var(--wp--preset--spacing--10)\">\n<div class=\"wp-block-column is-layout-flow wp-block-column-is-layout-flow\">\n<h2 class=\"wp-block-heading\">Past shows<\/h2>\n<\/div>\n<\/div>\n\n\n\n<div class=\"wp-block-columns has-border-color has-base-2-background-color has-background is-layout-flex wp-container-core-columns-is-layout-e0604bfa wp-block-columns-is-layout-flex\" style=\"border-color:#303030;border-radius:15px;padding-top:0.6rem;padding-right:var(--wp--preset--spacing--10);padding-bottom:0.4rem;padding-left:var(--wp--preset--spacing--10)\">\n<div class=\"wp-block-column is-vertically-aligned-top is-layout-flow wp-container-core-column-is-layout-b2a27621 wp-block-column-is-layout-flow\" style=\"padding-top:0;padding-right:0;padding-bottom:0;padding-left:0;flex-basis:50%\">\n<p class=\"has-text-align-left\" style=\"margin-top:0;margin-right:0;margin-bottom:0;margin-left:0\"><strong><mark style=\"background-color:rgba(0, 0, 0, 0)\" class=\"has-inline-color has-custom-accent-lut-color\">29. 3. 2025<\/mark><\/strong><\/p>\n\n\n\n<div style=\"height:40px\" aria-hidden=\"true\" class=\"wp-block-spacer\"><\/div>\n\n\n\n<p class=\"has-text-align-left\" style=\"margin-top:0;margin-right:0;margin-bottom:0;margin-left:0\">Noise Bar, Bohuslavice nad Metuj\u00ed<\/p>\n\n\n\n<p>+ Sadistic Hannibal, Destroyer<\/p>\n\n\n\n<div style=\"height:40px\" aria-hidden=\"true\" class=\"wp-block-spacer\"><\/div>\n<\/div>\n\n\n\n<div class=\"wp-block-column is-layout-flow wp-block-column-is-layout-flow\" style=\"flex-basis:50%\">\n<figure class=\"wp-block-image size-large\"><a href=\"https:\/\/fb.me\/e\/8b5JMfPTo\" target=\"_blank\" rel=\" noreferrer noopener\"><img loading=\"lazy\" decoding=\"async\" width=\"848\" height=\"1200\" src=\"https:\/\/webcrash1.madeonearth.cz\/wp-content\/uploads\/250329_Bohuslavice_Jirka_Mejtsky_plakat-848x1200.jpeg\" alt=\"\" class=\"wp-image-1021\" srcset=\"https:\/\/webcrash1.madeonearth.cz\/wp-content\/uploads\/250329_Bohuslavice_Jirka_Mejtsky_plakat-848x1200.jpeg 848w, https:\/\/webcrash1.madeonearth.cz\/wp-content\/uploads\/250329_Bohuslavice_Jirka_Mejtsky_plakat-212x300.jpeg 212w, https:\/\/webcrash1.madeonearth.cz\/wp-content\/uploads\/250329_Bohuslavice_Jirka_Mejtsky_plakat-106x150.jpeg 106w, https:\/\/webcrash1.madeonearth.cz\/wp-content\/uploads\/250329_Bohuslavice_Jirka_Mejtsky_plakat-768x1087.jpeg 768w, https:\/\/webcrash1.madeonearth.cz\/wp-content\/uploads\/250329_Bohuslavice_Jirka_Mejtsky_plakat-1085x1536.jpeg 1085w, https:\/\/webcrash1.madeonearth.cz\/wp-content\/uploads\/250329_Bohuslavice_Jirka_Mejtsky_plakat-8x12.jpeg 8w, https:\/\/webcrash1.madeonearth.cz\/wp-content\/uploads\/250329_Bohuslavice_Jirka_Mejtsky_plakat.jpeg 1447w\" sizes=\"auto, (max-width: 848px) 100vw, 848px\" \/><\/a><\/figure>\n<\/div>\n<\/div>\n\n\n\n<div class=\"wp-block-columns has-border-color has-base-2-background-color has-background is-layout-flex wp-container-core-columns-is-layout-e0604bfa wp-block-columns-is-layout-flex\" style=\"border-color:#303030;border-radius:15px;padding-top:0.6rem;padding-right:var(--wp--preset--spacing--10);padding-bottom:0.4rem;padding-left:var(--wp--preset--spacing--10)\">\n<div class=\"wp-block-column is-vertically-aligned-top is-layout-flow wp-container-core-column-is-layout-b2a27621 wp-block-column-is-layout-flow\" style=\"padding-top:0;padding-right:0;padding-bottom:0;padding-left:0;flex-basis:50%\">\n<p class=\"has-text-align-left\" style=\"margin-top:0;margin-right:0;margin-bottom:0;margin-left:0\"><strong><mark style=\"background-color:rgba(0, 0, 0, 0)\" class=\"has-inline-color has-custom-accent-lut-color\">26. 3. 2025<\/mark><\/strong><\/p>\n\n\n\n<div style=\"height:40px\" aria-hidden=\"true\" class=\"wp-block-spacer\"><\/div>\n\n\n\n<p class=\"has-text-align-left\" style=\"margin-top:0;margin-right:0;margin-bottom:0;margin-left:0\">Strahov OpenAir Band Contest<\/p>\n\n\n\n<p>Klub 007, Praha<\/p>\n\n\n\n<div style=\"height:40px\" aria-hidden=\"true\" class=\"wp-block-spacer\"><\/div>\n<\/div>\n\n\n\n<div class=\"wp-block-column is-layout-flow wp-block-column-is-layout-flow\" style=\"flex-basis:50%\">\n<figure class=\"wp-block-image size-large\"><a href=\"https:\/\/www.facebook.com\/events\/3172532839553475\/\" target=\"_blank\" rel=\" noreferrer noopener\"><img loading=\"lazy\" decoding=\"async\" width=\"1200\" height=\"457\" src=\"https:\/\/webcrash1.madeonearth.cz\/wp-content\/uploads\/Clipboard_03-18-2025_01-1200x457.jpg\" alt=\"\" class=\"wp-image-1049\" srcset=\"https:\/\/webcrash1.madeonearth.cz\/wp-content\/uploads\/Clipboard_03-18-2025_01-1200x457.jpg 1200w, https:\/\/webcrash1.madeonearth.cz\/wp-content\/uploads\/Clipboard_03-18-2025_01-300x114.jpg 300w, https:\/\/webcrash1.madeonearth.cz\/wp-content\/uploads\/Clipboard_03-18-2025_01-150x57.jpg 150w, https:\/\/webcrash1.madeonearth.cz\/wp-content\/uploads\/Clipboard_03-18-2025_01-768x293.jpg 768w, https:\/\/webcrash1.madeonearth.cz\/wp-content\/uploads\/Clipboard_03-18-2025_01-1536x585.jpg 1536w, https:\/\/webcrash1.madeonearth.cz\/wp-content\/uploads\/Clipboard_03-18-2025_01-18x7.jpg 18w, https:\/\/webcrash1.madeonearth.cz\/wp-content\/uploads\/Clipboard_03-18-2025_01.jpg 1640w\" sizes=\"auto, (max-width: 1200px) 100vw, 1200px\" \/><\/a><\/figure>\n<\/div>\n<\/div>\n\n\n\n<div class=\"wp-block-columns has-border-color has-base-2-background-color has-background is-layout-flex wp-container-core-columns-is-layout-e0604bfa wp-block-columns-is-layout-flex\" style=\"border-color:#303030;border-radius:15px;padding-top:0.6rem;padding-right:var(--wp--preset--spacing--10);padding-bottom:0.4rem;padding-left:var(--wp--preset--spacing--10)\">\n<div class=\"wp-block-column is-vertically-aligned-top is-layout-flow wp-container-core-column-is-layout-b2a27621 wp-block-column-is-layout-flow\" style=\"padding-top:0;padding-right:0;padding-bottom:0;padding-left:0;flex-basis:50%\">\n<p class=\"has-text-align-left\" style=\"margin-top:0;margin-right:0;margin-bottom:0;margin-left:0\"><strong><mark style=\"background-color:rgba(0, 0, 0, 0)\" class=\"has-inline-color has-custom-accent-lut-color\">22. 3. 2025<\/mark><\/strong><\/p>\n\n\n\n<div style=\"height:40px\" aria-hidden=\"true\" class=\"wp-block-spacer\"><\/div>\n\n\n\n<p class=\"has-text-align-left\" style=\"margin-top:0;margin-right:0;margin-bottom:0;margin-left:0\">\u017di\u017ekovsk\u00e1 noc, Praha<\/p>\n\n\n\n<p>17:00 Camelot<\/p>\n\n\n\n<div style=\"height:40px\" aria-hidden=\"true\" class=\"wp-block-spacer\"><\/div>\n<\/div>\n\n\n\n<div class=\"wp-block-column is-layout-flow wp-block-column-is-layout-flow\" style=\"flex-basis:50%\">\n<figure class=\"wp-block-image size-large\"><a href=\"https:\/\/fb.me\/e\/433Cy5IOg\" target=\"_blank\" rel=\" noreferrer noopener\"><img loading=\"lazy\" decoding=\"async\" width=\"1200\" height=\"674\" src=\"https:\/\/webcrash1.madeonearth.cz\/wp-content\/uploads\/ZN_uvodka-1200x674.jpg\" alt=\"\" class=\"wp-image-1044\" srcset=\"https:\/\/webcrash1.madeonearth.cz\/wp-content\/uploads\/ZN_uvodka-1200x674.jpg 1200w, https:\/\/webcrash1.madeonearth.cz\/wp-content\/uploads\/ZN_uvodka-300x169.jpg 300w, https:\/\/webcrash1.madeonearth.cz\/wp-content\/uploads\/ZN_uvodka-150x84.jpg 150w, https:\/\/webcrash1.madeonearth.cz\/wp-content\/uploads\/ZN_uvodka-768x432.jpg 768w, https:\/\/webcrash1.madeonearth.cz\/wp-content\/uploads\/ZN_uvodka-1536x863.jpg 1536w, https:\/\/webcrash1.madeonearth.cz\/wp-content\/uploads\/ZN_uvodka-18x10.jpg 18w, https:\/\/webcrash1.madeonearth.cz\/wp-content\/uploads\/ZN_uvodka.jpg 1920w\" sizes=\"auto, (max-width: 1200px) 100vw, 1200px\" \/><\/a><\/figure>\n<\/div>\n<\/div>\n\n\n\n<div class=\"wp-block-columns has-border-color has-base-2-background-color has-background is-layout-flex wp-container-core-columns-is-layout-e0604bfa wp-block-columns-is-layout-flex\" style=\"border-color:#303030;border-radius:15px;padding-top:0.6rem;padding-right:var(--wp--preset--spacing--10);padding-bottom:0.4rem;padding-left:var(--wp--preset--spacing--10)\">\n<div class=\"wp-block-column is-vertically-aligned-top is-layout-flow wp-container-core-column-is-layout-b2a27621 wp-block-column-is-layout-flow\" style=\"padding-top:0;padding-right:0;padding-bottom:0;padding-left:0;flex-basis:50%\">\n<p class=\"has-text-align-left\" style=\"margin-top:0;margin-right:0;margin-bottom:0;margin-left:0\"><strong><mark style=\"background-color:rgba(0, 0, 0, 0)\" class=\"has-inline-color has-custom-accent-lut-color\">17. 3. 2025<\/mark><\/strong><\/p>\n\n\n\n<div style=\"height:40px\" aria-hidden=\"true\" class=\"wp-block-spacer\"><\/div>\n\n\n\n<p class=\"has-text-align-left\" style=\"margin-top:0;margin-right:0;margin-bottom:0;margin-left:0\">Vagon, Praha<\/p>\n\n\n\n<p>+ Afterspoon<\/p>\n\n\n\n<div style=\"height:40px\" aria-hidden=\"true\" class=\"wp-block-spacer\"><\/div>\n<\/div>\n\n\n\n<div class=\"wp-block-column is-layout-flow wp-block-column-is-layout-flow\" style=\"flex-basis:50%\">\n<figure class=\"wp-block-image size-large\"><a href=\"https:\/\/www.facebook.com\/share\/166EkQ7PKz\/\" target=\"_blank\" rel=\" noreferrer noopener\"><img loading=\"lazy\" decoding=\"async\" width=\"1200\" height=\"628\" src=\"https:\/\/webcrash1.madeonearth.cz\/wp-content\/uploads\/250317_Vagon_udalost-1200x628.jpg\" alt=\"\" class=\"wp-image-1020\" srcset=\"https:\/\/webcrash1.madeonearth.cz\/wp-content\/uploads\/250317_Vagon_udalost-1200x628.jpg 1200w, https:\/\/webcrash1.madeonearth.cz\/wp-content\/uploads\/250317_Vagon_udalost-300x157.jpg 300w, https:\/\/webcrash1.madeonearth.cz\/wp-content\/uploads\/250317_Vagon_udalost-150x79.jpg 150w, https:\/\/webcrash1.madeonearth.cz\/wp-content\/uploads\/250317_Vagon_udalost-768x402.jpg 768w, https:\/\/webcrash1.madeonearth.cz\/wp-content\/uploads\/250317_Vagon_udalost-1536x804.jpg 1536w, https:\/\/webcrash1.madeonearth.cz\/wp-content\/uploads\/250317_Vagon_udalost-18x9.jpg 18w, https:\/\/webcrash1.madeonearth.cz\/wp-content\/uploads\/250317_Vagon_udalost.jpg 1920w\" sizes=\"auto, (max-width: 1200px) 100vw, 1200px\" \/><\/a><\/figure>\n<\/div>\n<\/div>\n\n\n\n<div class=\"wp-block-columns has-border-color has-base-2-background-color has-background is-layout-flex wp-container-core-columns-is-layout-e0604bfa wp-block-columns-is-layout-flex\" style=\"border-color:#303030;border-radius:15px;padding-top:0.6rem;padding-right:var(--wp--preset--spacing--10);padding-bottom:0.4rem;padding-left:var(--wp--preset--spacing--10)\">\n<div class=\"wp-block-column is-vertically-aligned-top is-layout-flow wp-container-core-column-is-layout-b2a27621 wp-block-column-is-layout-flow\" style=\"padding-top:0;padding-right:0;padding-bottom:0;padding-left:0;flex-basis:50%\">\n<p class=\"has-text-align-left\" style=\"margin-top:0;margin-right:0;margin-bottom:0;margin-left:0\"><strong><mark style=\"background-color:rgba(0, 0, 0, 0)\" class=\"has-inline-color has-custom-accent-lut-color\">28. 1. 2025<\/mark><\/strong><\/p>\n\n\n\n<div style=\"height:40px\" aria-hidden=\"true\" class=\"wp-block-spacer\"><\/div>\n\n\n\n<p class=\"has-text-align-left\" style=\"margin-top:0;margin-right:0;margin-bottom:0;margin-left:0\">Klubovna, Praha<\/p>\n\n\n\n<p>+ Faraday<\/p>\n\n\n\n<div style=\"height:40px\" aria-hidden=\"true\" class=\"wp-block-spacer\"><\/div>\n<\/div>\n\n\n\n<div class=\"wp-block-column is-layout-flow wp-block-column-is-layout-flow\" style=\"flex-basis:50%\">\n<figure class=\"wp-block-image size-large\"><a href=\"https:\/\/fb.me\/e\/89IRjHsH9\" target=\"_blank\" rel=\" noreferrer noopener\"><img loading=\"lazy\" decoding=\"async\" width=\"1200\" height=\"628\" src=\"https:\/\/webcrash1.madeonearth.cz\/wp-content\/uploads\/Klubovna_250128_event_cover-1200x628.jpg\" alt=\"\" class=\"wp-image-1011\" srcset=\"https:\/\/webcrash1.madeonearth.cz\/wp-content\/uploads\/Klubovna_250128_event_cover-1200x628.jpg 1200w, https:\/\/webcrash1.madeonearth.cz\/wp-content\/uploads\/Klubovna_250128_event_cover-300x157.jpg 300w, https:\/\/webcrash1.madeonearth.cz\/wp-content\/uploads\/Klubovna_250128_event_cover-150x79.jpg 150w, https:\/\/webcrash1.madeonearth.cz\/wp-content\/uploads\/Klubovna_250128_event_cover-768x402.jpg 768w, https:\/\/webcrash1.madeonearth.cz\/wp-content\/uploads\/Klubovna_250128_event_cover-1536x804.jpg 1536w, https:\/\/webcrash1.madeonearth.cz\/wp-content\/uploads\/Klubovna_250128_event_cover-18x9.jpg 18w, https:\/\/webcrash1.madeonearth.cz\/wp-content\/uploads\/Klubovna_250128_event_cover.jpg 1920w\" sizes=\"auto, (max-width: 1200px) 100vw, 1200px\" \/><\/a><\/figure>\n<\/div>\n<\/div>\n\n\n\n<div class=\"wp-block-columns has-border-color has-base-2-background-color has-background is-layout-flex wp-container-core-columns-is-layout-e0604bfa wp-block-columns-is-layout-flex\" style=\"border-color:#303030;border-radius:15px;padding-top:0.6rem;padding-right:var(--wp--preset--spacing--10);padding-bottom:0.4rem;padding-left:var(--wp--preset--spacing--10)\">\n<div class=\"wp-block-column is-vertically-aligned-top is-layout-flow wp-container-core-column-is-layout-b2a27621 wp-block-column-is-layout-flow\" style=\"padding-top:0;padding-right:0;padding-bottom:0;padding-left:0;flex-basis:50%\">\n<p class=\"has-text-align-left\" style=\"margin-top:0;margin-right:0;margin-bottom:0;margin-left:0\"><strong><mark style=\"background-color:rgba(0, 0, 0, 0)\" class=\"has-inline-color has-custom-accent-lut-color\">3. 10. 2024<\/mark><\/strong><\/p>\n\n\n\n<div style=\"height:40px\" aria-hidden=\"true\" class=\"wp-block-spacer\"><\/div>\n\n\n\n<p class=\"has-text-align-left\" style=\"margin-top:0;margin-right:0;margin-bottom:0;margin-left:0\">Kamina boat, Praha<\/p>\n\n\n\n<p>+ Madnoise<\/p>\n\n\n\n<div style=\"height:40px\" aria-hidden=\"true\" class=\"wp-block-spacer\"><\/div>\n<\/div>\n\n\n\n<div class=\"wp-block-column is-layout-flow wp-block-column-is-layout-flow\" style=\"flex-basis:50%\">\n<figure class=\"wp-block-image size-full is-resized\"><a href=\"https:\/\/www.facebook.com\/events\/558108466544772\" target=\"_blank\" rel=\"noreferrer noopener\"><img loading=\"lazy\" decoding=\"async\" width=\"851\" height=\"315\" src=\"https:\/\/webcrash1.madeonearth.cz\/wp-content\/uploads\/20241003_Madnoise_MadeOnEarth02.png\" alt=\"\" class=\"wp-image-920\" style=\"width:332px;height:auto\" srcset=\"https:\/\/webcrash1.madeonearth.cz\/wp-content\/uploads\/20241003_Madnoise_MadeOnEarth02.png 851w, https:\/\/webcrash1.madeonearth.cz\/wp-content\/uploads\/20241003_Madnoise_MadeOnEarth02-300x111.png 300w, https:\/\/webcrash1.madeonearth.cz\/wp-content\/uploads\/20241003_Madnoise_MadeOnEarth02-150x56.png 150w, https:\/\/webcrash1.madeonearth.cz\/wp-content\/uploads\/20241003_Madnoise_MadeOnEarth02-768x284.png 768w, https:\/\/webcrash1.madeonearth.cz\/wp-content\/uploads\/20241003_Madnoise_MadeOnEarth02-18x7.png 18w\" sizes=\"auto, (max-width: 851px) 100vw, 851px\" \/><\/a><\/figure>\n<\/div>\n<\/div>\n\n\n\n<div class=\"wp-block-columns has-border-color has-base-2-background-color has-background is-layout-flex wp-container-core-columns-is-layout-e0604bfa wp-block-columns-is-layout-flex\" style=\"border-color:#303030;border-radius:15px;padding-top:0.6rem;padding-right:var(--wp--preset--spacing--10);padding-bottom:0.4rem;padding-left:var(--wp--preset--spacing--10)\">\n<div class=\"wp-block-column is-vertically-aligned-top is-layout-flow wp-container-core-column-is-layout-b2a27621 wp-block-column-is-layout-flow\" style=\"padding-top:0;padding-right:0;padding-bottom:0;padding-left:0;flex-basis:50%\">\n<p class=\"has-text-align-left\" style=\"margin-top:0;margin-right:0;margin-bottom:0;margin-left:0\"><strong><mark style=\"background-color:rgba(0, 0, 0, 0)\" class=\"has-inline-color has-custom-accent-lut-color\">10. 5. 2024<\/mark><\/strong><\/p>\n\n\n\n<div style=\"height:40px\" aria-hidden=\"true\" class=\"wp-block-spacer\"><\/div>\n\n\n\n<p class=\"has-text-align-left\" style=\"margin-top:0;margin-right:0;margin-bottom:0;margin-left:0\">Kamina boat, Praha<\/p>\n\n\n\n<div style=\"height:40px\" aria-hidden=\"true\" class=\"wp-block-spacer\"><\/div>\n<\/div>\n\n\n\n<div class=\"wp-block-column is-layout-flow wp-block-column-is-layout-flow\" style=\"flex-basis:50%\">\n<figure class=\"wp-block-image size-large is-resized\"><a href=\"https:\/\/www.facebook.com\/events\/s\/rock-night-in-kamina\/317482594450727\/\" target=\"_blank\" rel=\"noreferrer noopener\"><img loading=\"lazy\" decoding=\"async\" width=\"1200\" height=\"628\" src=\"https:\/\/webcrash1.madeonearth.cz\/wp-content\/uploads\/2024-05-10_Kamina-1200x628.jpg\" alt=\"\" class=\"wp-image-824\" style=\"width:332px;height:auto\" srcset=\"https:\/\/webcrash1.madeonearth.cz\/wp-content\/uploads\/2024-05-10_Kamina-1200x628.jpg 1200w, https:\/\/webcrash1.madeonearth.cz\/wp-content\/uploads\/2024-05-10_Kamina-300x157.jpg 300w, https:\/\/webcrash1.madeonearth.cz\/wp-content\/uploads\/2024-05-10_Kamina-150x79.jpg 150w, https:\/\/webcrash1.madeonearth.cz\/wp-content\/uploads\/2024-05-10_Kamina-768x402.jpg 768w, https:\/\/webcrash1.madeonearth.cz\/wp-content\/uploads\/2024-05-10_Kamina-18x9.jpg 18w, https:\/\/webcrash1.madeonearth.cz\/wp-content\/uploads\/2024-05-10_Kamina.jpg 1326w\" sizes=\"auto, (max-width: 1200px) 100vw, 1200px\" \/><\/a><\/figure>\n<\/div>\n<\/div>","protected":false},"excerpt":{"rendered":"<p>Nadch\u00e1zej\u00edc\u00ed koncerty 18. 4. 2025 The Stage, Praha + FRAM, MadNoise Minul\u00e9 koncerty 29. 3. 2025 Noise Bar, Bohuslavice nad Metuj\u00ed + Sadistic Hannibal, Destroyer 26. 3. 2025 Strahov OpenAir Band Contest Klub 007, Praha 22. 3. 2025 \u017di\u017ekovsk\u00e1 noc, Praha 17:00 Camelot 17. 3. 2025 Vagon, Praha + Afterspoon 28. 1. 2025 Klubovna, Praha [&hellip;]<\/p>\n","protected":false},"author":4,"featured_media":0,"parent":0,"menu_order":0,"comment_status":"closed","ping_status":"closed","template":"","meta":{"pgc_sgb_lightbox_settings":"","footnotes":""},"class_list":["post-118","page","type-page","status-publish","hentry"],"_links":{"self":[{"href":"https:\/\/webcrash1.madeonearth.cz\/en\/wp-json\/wp\/v2\/pages\/118","targetHints":{"allow":["GET"]}}],"collection":[{"href":"https:\/\/webcrash1.madeonearth.cz\/en\/wp-json\/wp\/v2\/pages"}],"about":[{"href":"https:\/\/webcrash1.madeonearth.cz\/en\/wp-json\/wp\/v2\/types\/page"}],"author":[{"embeddable":true,"href":"https:\/\/webcrash1.madeonearth.cz\/en\/wp-json\/wp\/v2\/users\/4"}],"replies":[{"embeddable":true,"href":"https:\/\/webcrash1.madeonearth.cz\/en\/wp-json\/wp\/v2\/comments?post=118"}],"version-history":[{"count":60,"href":"https:\/\/webcrash1.madeonearth.cz\/en\/wp-json\/wp\/v2\/pages\/118\/revisions"}],"predecessor-version":[{"id":1057,"href":"https:\/\/webcrash1.madeonearth.cz\/en\/wp-json\/wp\/v2\/pages\/118\/revisions\/1057"}],"wp:attachment":[{"href":"https:\/\/webcrash1.madeonearth.cz\/en\/wp-json\/wp\/v2\/media?parent=118"}],"curies":[{"name":"wp","href":"https:\/\/api.w.org\/{rel}","templated":true}]}}