{"id":563,"date":"2024-01-14T11:28:28","date_gmt":"2024-01-14T11:28:28","guid":{"rendered":"https:\/\/webcrash1.madeonearth.cz\/?page_id=563"},"modified":"2025-01-01T15:13:46","modified_gmt":"2025-01-01T15:13:46","slug":"kapela","status":"publish","type":"page","link":"https:\/\/webcrash1.madeonearth.cz\/en\/kapela\/","title":{"rendered":"Band"},"content":{"rendered":"<div class=\"wp-block-cover alignfull wp-duotone-duotone-1\"><span aria-hidden=\"true\" class=\"wp-block-cover__background has-background-dim\"><\/span><img loading=\"lazy\" decoding=\"async\" width=\"1920\" height=\"872\" class=\"wp-block-cover__image-background wp-image-556\" alt=\"\" src=\"https:\/\/webcrash1.madeonearth.cz\/wp-content\/uploads\/bckgrnd-honza-01.jpg\" style=\"object-position:41% 34%\" data-object-fit=\"cover\" data-object-position=\"41% 34%\" srcset=\"https:\/\/webcrash1.madeonearth.cz\/wp-content\/uploads\/bckgrnd-honza-01.jpg 1920w, https:\/\/webcrash1.madeonearth.cz\/wp-content\/uploads\/bckgrnd-honza-01-300x136.jpg 300w, https:\/\/webcrash1.madeonearth.cz\/wp-content\/uploads\/bckgrnd-honza-01-1200x545.jpg 1200w, https:\/\/webcrash1.madeonearth.cz\/wp-content\/uploads\/bckgrnd-honza-01-150x68.jpg 150w, https:\/\/webcrash1.madeonearth.cz\/wp-content\/uploads\/bckgrnd-honza-01-768x349.jpg 768w, https:\/\/webcrash1.madeonearth.cz\/wp-content\/uploads\/bckgrnd-honza-01-1536x698.jpg 1536w, https:\/\/webcrash1.madeonearth.cz\/wp-content\/uploads\/bckgrnd-honza-01-18x8.jpg 18w\" sizes=\"auto, (max-width: 1920px) 100vw, 1920px\" \/><div class=\"wp-block-cover__inner-container is-layout-flow wp-block-cover-is-layout-flow\">\n<h1 class=\"wp-block-heading has-text-align-center has-x-large-font-size\"><strong>Band<\/strong><\/h1>\n<\/div><\/div>\n\n\n\n<div style=\"height:50px\" aria-hidden=\"true\" class=\"wp-block-spacer\"><\/div>\n\n\n\n<div class=\"wp-block-columns has-base-2-background-color has-background is-layout-flex wp-container-core-columns-is-layout-20bb992b wp-block-columns-is-layout-flex\" style=\"border-radius:15px;margin-top:0;margin-bottom:0;padding-top:0;padding-right:0;padding-bottom:0;padding-left:0\">\n<div class=\"wp-block-column is-layout-flow wp-block-column-is-layout-flow\">\n<h2 class=\"wp-block-heading\" style=\"padding-top:2rem;padding-right:1.3rem;padding-bottom:0.8rem;padding-left:1.3rem\">Made On Earth<\/h2>\n\n\n\n<p style=\"margin-right:1.3rem;margin-left:1.3rem\"><mark style=\"background-color:rgba(0, 0, 0, 0);color:#fffffe\" class=\"has-inline-color\">Made On Earth is a Czech rock band combining progressive rock, stoner and funk genres. Distinctive female vocal, weird guitar licks, dramatic harmony and heavy rhythm section, that is Made On Earth.<\/mark><\/p>\n\n\n\n<p style=\"margin-right:1.3rem;margin-left:1.3rem\"><mark style=\"background-color:rgba(0, 0, 0, 0);color:#fffffe\" class=\"has-inline-color\"><mark style=\"background-color:rgba(0, 0, 0, 0);color:#fffffe\" class=\"has-inline-color\">Since 2023 the members are Eli\u0161ka Du\u0161kov\u00e1 (vocals), Tereza P\u0161en\u010d\u00edkov\u00e1 (guitar) a Honza Plz\u00e1k (bass). Although Made On Earth are still looking for a drummer, they start playing gigs in May 2024 with drums played as backing tracks.<\/mark><\/mark><\/p>\n\n\n\n<p style=\"margin-right:1.3rem;margin-left:1.3rem\">Made On Earth release their first single \u2019Sunlight\u2019 in September 2024.<\/p>\n\n\n\n<figure data-wp-context=\"{&quot;imageId&quot;:&quot;69e39251c300f&quot;}\" data-wp-interactive=\"core\/image\" data-wp-key=\"69e39251c300f\" class=\"wp-block-image size-full has-custom-border wp-lightbox-container\"><img loading=\"lazy\" decoding=\"async\" width=\"1600\" height=\"1067\" data-wp-class--hide=\"state.isContentHidden\" data-wp-class--show=\"state.isContentVisible\" data-wp-init=\"callbacks.setButtonStyles\" data-wp-on--click=\"actions.showLightbox\" data-wp-on--load=\"callbacks.setButtonStyles\" data-wp-on-window--resize=\"callbacks.setButtonStyles\" src=\"https:\/\/webcrash1.madeonearth.cz\/wp-content\/uploads\/IMG_9009.jpg\" alt=\"\" class=\"wp-image-891\" style=\"border-top-left-radius:0px;border-top-right-radius:0px;border-bottom-left-radius:15px;border-bottom-right-radius:15px\" srcset=\"https:\/\/webcrash1.madeonearth.cz\/wp-content\/uploads\/IMG_9009.jpg 1600w, https:\/\/webcrash1.madeonearth.cz\/wp-content\/uploads\/IMG_9009-300x200.jpg 300w, https:\/\/webcrash1.madeonearth.cz\/wp-content\/uploads\/IMG_9009-1200x800.jpg 1200w, https:\/\/webcrash1.madeonearth.cz\/wp-content\/uploads\/IMG_9009-150x100.jpg 150w, https:\/\/webcrash1.madeonearth.cz\/wp-content\/uploads\/IMG_9009-768x512.jpg 768w, https:\/\/webcrash1.madeonearth.cz\/wp-content\/uploads\/IMG_9009-1536x1024.jpg 1536w, https:\/\/webcrash1.madeonearth.cz\/wp-content\/uploads\/IMG_9009-18x12.jpg 18w\" sizes=\"auto, (max-width: 1600px) 100vw, 1600px\" \/><button\n\t\t\tclass=\"lightbox-trigger\"\n\t\t\ttype=\"button\"\n\t\t\taria-haspopup=\"dialog\"\n\t\t\taria-label=\"Enlarge\"\n\t\t\tdata-wp-init=\"callbacks.initTriggerButton\"\n\t\t\tdata-wp-on--click=\"actions.showLightbox\"\n\t\t\tdata-wp-style--right=\"state.imageButtonRight\"\n\t\t\tdata-wp-style--top=\"state.imageButtonTop\"\n\t\t>\n\t\t\t<svg xmlns=\"http:\/\/www.w3.org\/2000\/svg\" width=\"12\" height=\"12\" fill=\"none\" viewbox=\"0 0 12 12\">\n\t\t\t\t<path fill=\"#fff\" d=\"M2 0a2 2 0 0 0-2 2v2h1.5V2a.5.5 0 0 1 .5-.5h2V0H2Zm2 10.5H2a.5.5 0 0 1-.5-.5V8H0v2a2 2 0 0 0 2 2h2v-1.5ZM8 12v-1.5h2a.5.5 0 0 0 .5-.5V8H12v2a2 2 0 0 1-2 2H8Zm2-12a2 2 0 0 1 2 2v2h-1.5V2a.5.5 0 0 0-.5-.5H8V0h2Z\" \/>\n\t\t\t<\/svg>\n\t\t<\/button><\/figure>\n<\/div>\n<\/div>\n\n\n\n<div style=\"height:50px\" aria-hidden=\"true\" class=\"wp-block-spacer\"><\/div>\n\n\n\n<div class=\"wp-block-columns has-base-2-background-color has-background is-layout-flex wp-container-core-columns-is-layout-20bb992b wp-block-columns-is-layout-flex\" style=\"border-radius:15px;margin-top:0;margin-bottom:0;padding-top:0;padding-right:0;padding-bottom:0;padding-left:0\">\n<div class=\"wp-block-column is-layout-flow wp-block-column-is-layout-flow\">\n<h2 class=\"wp-block-heading\" style=\"padding-top:2rem;padding-right:1.3rem;padding-bottom:0.8rem;padding-left:1.3rem\">Eli\u0161ka Du\u0161kov\u00e1 - vocal<\/h2>\n\n\n\n<p style=\"margin-right:1.3rem;margin-left:1.3rem\">After finishing the art school, where she took both classical and popular singing lessons, she began to look around for joining a band. <br><br>Classic beginnings with covers or playing at friends' birthday parties were fine, but original music where she could really rock out seemed much better.<br><br>After singing with several Prague bands, Eli\u0161ka has settled down in the band Made On Earth, where she sees the future. <\/p>\n\n\n\n<figure data-wp-context=\"{&quot;imageId&quot;:&quot;69e39251c39ff&quot;}\" data-wp-interactive=\"core\/image\" data-wp-key=\"69e39251c39ff\" class=\"wp-block-image size-full has-custom-border wp-lightbox-container\"><img loading=\"lazy\" decoding=\"async\" width=\"2560\" height=\"2560\" data-wp-class--hide=\"state.isContentHidden\" data-wp-class--show=\"state.isContentVisible\" data-wp-init=\"callbacks.setButtonStyles\" data-wp-on--click=\"actions.showLightbox\" data-wp-on--load=\"callbacks.setButtonStyles\" data-wp-on-window--resize=\"callbacks.setButtonStyles\" src=\"https:\/\/webcrash1.madeonearth.cz\/wp-content\/uploads\/IMG_8866-scaled.jpg\" alt=\"\" class=\"wp-image-128\" style=\"border-top-left-radius:0px;border-top-right-radius:0px;border-bottom-left-radius:15px;border-bottom-right-radius:15px\" srcset=\"https:\/\/webcrash1.madeonearth.cz\/wp-content\/uploads\/IMG_8866-scaled.jpg 2560w, https:\/\/webcrash1.madeonearth.cz\/wp-content\/uploads\/IMG_8866-300x300.jpg 300w, https:\/\/webcrash1.madeonearth.cz\/wp-content\/uploads\/IMG_8866-1200x1200.jpg 1200w, https:\/\/webcrash1.madeonearth.cz\/wp-content\/uploads\/IMG_8866-150x150.jpg 150w, https:\/\/webcrash1.madeonearth.cz\/wp-content\/uploads\/IMG_8866-768x768.jpg 768w, https:\/\/webcrash1.madeonearth.cz\/wp-content\/uploads\/IMG_8866-1536x1536.jpg 1536w, https:\/\/webcrash1.madeonearth.cz\/wp-content\/uploads\/IMG_8866-2048x2048.jpg 2048w, https:\/\/webcrash1.madeonearth.cz\/wp-content\/uploads\/IMG_8866-12x12.jpg 12w\" sizes=\"auto, (max-width: 2560px) 100vw, 2560px\" \/><button\n\t\t\tclass=\"lightbox-trigger\"\n\t\t\ttype=\"button\"\n\t\t\taria-haspopup=\"dialog\"\n\t\t\taria-label=\"Enlarge\"\n\t\t\tdata-wp-init=\"callbacks.initTriggerButton\"\n\t\t\tdata-wp-on--click=\"actions.showLightbox\"\n\t\t\tdata-wp-style--right=\"state.imageButtonRight\"\n\t\t\tdata-wp-style--top=\"state.imageButtonTop\"\n\t\t>\n\t\t\t<svg xmlns=\"http:\/\/www.w3.org\/2000\/svg\" width=\"12\" height=\"12\" fill=\"none\" viewbox=\"0 0 12 12\">\n\t\t\t\t<path fill=\"#fff\" d=\"M2 0a2 2 0 0 0-2 2v2h1.5V2a.5.5 0 0 1 .5-.5h2V0H2Zm2 10.5H2a.5.5 0 0 1-.5-.5V8H0v2a2 2 0 0 0 2 2h2v-1.5ZM8 12v-1.5h2a.5.5 0 0 0 .5-.5V8H12v2a2 2 0 0 1-2 2H8Zm2-12a2 2 0 0 1 2 2v2h-1.5V2a.5.5 0 0 0-.5-.5H8V0h2Z\" \/>\n\t\t\t<\/svg>\n\t\t<\/button><\/figure>\n<\/div>\n<\/div>\n\n\n\n<div style=\"height:50px\" aria-hidden=\"true\" class=\"wp-block-spacer\"><\/div>\n\n\n\n<div class=\"wp-block-columns has-base-2-background-color has-background is-layout-flex wp-container-core-columns-is-layout-20bb992b wp-block-columns-is-layout-flex\" style=\"border-radius:15px;margin-top:0;margin-bottom:0;padding-top:0;padding-right:0;padding-bottom:0;padding-left:0\">\n<div class=\"wp-block-column is-layout-flow wp-block-column-is-layout-flow\">\n<h2 class=\"wp-block-heading\" style=\"padding-top:2rem;padding-right:1.3rem;padding-bottom:0.8rem;padding-left:1.3rem\">Tereza P\u0161en\u010d\u00edkov\u00e1 - guitar<\/h2>\n\n\n\n<p style=\"margin-right:1.3rem;margin-left:1.3rem\">Tereza's musical beginnings date back to the beginning of a Grammar School, when it was a duty to play the flute in music education. In the following years, she began to play acoustic guitar in the student band Ota's Children. <\/p>\n\n\n\n<p style=\"margin-right:1.3rem;margin-left:1.3rem\">After discovering Pra\u017esk\u00fd v\u00fdb\u011br, King Crimson and Jeff Beck, the guitar becomes Tereza's lifelong passion. She buys her first Fender and is loyal to this brand to this day. <br><br>The mentioned musicians shaped not only Teresa's distinctive playing style and energetic stage performance, but also the progressive sound of Made On Earth.<br><br>She played in the bands Therapie and The Agony. Currently, in addition to Made On Earth, she is also engaged in a solo music.<\/p>\n\n\n\n<figure data-wp-context=\"{&quot;imageId&quot;:&quot;69e39251c44d1&quot;}\" data-wp-interactive=\"core\/image\" data-wp-key=\"69e39251c44d1\" class=\"wp-block-image size-full has-custom-border wp-lightbox-container\"><img loading=\"lazy\" decoding=\"async\" width=\"2560\" height=\"2560\" data-wp-class--hide=\"state.isContentHidden\" data-wp-class--show=\"state.isContentVisible\" data-wp-init=\"callbacks.setButtonStyles\" data-wp-on--click=\"actions.showLightbox\" data-wp-on--load=\"callbacks.setButtonStyles\" data-wp-on-window--resize=\"callbacks.setButtonStyles\" src=\"https:\/\/webcrash1.madeonearth.cz\/wp-content\/uploads\/IMG_8876-scaled.jpg\" alt=\"\" class=\"wp-image-130\" style=\"border-top-left-radius:0px;border-top-right-radius:0px;border-bottom-left-radius:15px;border-bottom-right-radius:15px\" srcset=\"https:\/\/webcrash1.madeonearth.cz\/wp-content\/uploads\/IMG_8876-scaled.jpg 2560w, https:\/\/webcrash1.madeonearth.cz\/wp-content\/uploads\/IMG_8876-300x300.jpg 300w, https:\/\/webcrash1.madeonearth.cz\/wp-content\/uploads\/IMG_8876-1200x1200.jpg 1200w, https:\/\/webcrash1.madeonearth.cz\/wp-content\/uploads\/IMG_8876-150x150.jpg 150w, https:\/\/webcrash1.madeonearth.cz\/wp-content\/uploads\/IMG_8876-768x768.jpg 768w, https:\/\/webcrash1.madeonearth.cz\/wp-content\/uploads\/IMG_8876-1536x1536.jpg 1536w, https:\/\/webcrash1.madeonearth.cz\/wp-content\/uploads\/IMG_8876-2048x2048.jpg 2048w, https:\/\/webcrash1.madeonearth.cz\/wp-content\/uploads\/IMG_8876-12x12.jpg 12w\" sizes=\"auto, (max-width: 2560px) 100vw, 2560px\" \/><button\n\t\t\tclass=\"lightbox-trigger\"\n\t\t\ttype=\"button\"\n\t\t\taria-haspopup=\"dialog\"\n\t\t\taria-label=\"Enlarge\"\n\t\t\tdata-wp-init=\"callbacks.initTriggerButton\"\n\t\t\tdata-wp-on--click=\"actions.showLightbox\"\n\t\t\tdata-wp-style--right=\"state.imageButtonRight\"\n\t\t\tdata-wp-style--top=\"state.imageButtonTop\"\n\t\t>\n\t\t\t<svg xmlns=\"http:\/\/www.w3.org\/2000\/svg\" width=\"12\" height=\"12\" fill=\"none\" viewbox=\"0 0 12 12\">\n\t\t\t\t<path fill=\"#fff\" d=\"M2 0a2 2 0 0 0-2 2v2h1.5V2a.5.5 0 0 1 .5-.5h2V0H2Zm2 10.5H2a.5.5 0 0 1-.5-.5V8H0v2a2 2 0 0 0 2 2h2v-1.5ZM8 12v-1.5h2a.5.5 0 0 0 .5-.5V8H12v2a2 2 0 0 1-2 2H8Zm2-12a2 2 0 0 1 2 2v2h-1.5V2a.5.5 0 0 0-.5-.5H8V0h2Z\" \/>\n\t\t\t<\/svg>\n\t\t<\/button><\/figure>\n<\/div>\n<\/div>\n\n\n\n<div style=\"height:50px\" aria-hidden=\"true\" class=\"wp-block-spacer\"><\/div>\n\n\n\n<div class=\"wp-block-columns has-base-2-background-color has-background is-layout-flex wp-container-core-columns-is-layout-20bb992b wp-block-columns-is-layout-flex\" style=\"border-radius:15px;margin-top:0;margin-bottom:0;padding-top:0;padding-right:0;padding-bottom:0;padding-left:0\">\n<div class=\"wp-block-column is-layout-flow wp-block-column-is-layout-flow\">\n<h2 class=\"wp-block-heading\" style=\"padding-top:2rem;padding-right:1.3rem;padding-bottom:0.8rem;padding-left:1.3rem\">Jan Plz\u00e1k \u2013 bass<\/h2>\n\n\n\n<p style=\"margin-right:1.3rem;margin-left:1.3rem\">Honza became interested in music at the high school, where he was influenced by new musical styles and idols. <br><br>As a result, he bought his first bass guitar and formed a pure punk band with his classmate. After a few concerts the band broke up, Honza started to practice hard and joined the grunge-rock band Madnoise. Madnoise was a band with an ambitious approach and they recorded an album.<br><br>And the best of all, after a longer break, Honza became a member of Made On Earth.<\/p>\n\n\n\n<figure data-wp-context=\"{&quot;imageId&quot;:&quot;69e39251c4adf&quot;}\" data-wp-interactive=\"core\/image\" data-wp-key=\"69e39251c4adf\" class=\"wp-block-image size-full has-custom-border wp-lightbox-container\"><img loading=\"lazy\" decoding=\"async\" width=\"2560\" height=\"1707\" data-wp-class--hide=\"state.isContentHidden\" data-wp-class--show=\"state.isContentVisible\" data-wp-init=\"callbacks.setButtonStyles\" data-wp-on--click=\"actions.showLightbox\" data-wp-on--load=\"callbacks.setButtonStyles\" data-wp-on-window--resize=\"callbacks.setButtonStyles\" src=\"https:\/\/webcrash1.madeonearth.cz\/wp-content\/uploads\/Honza-02-scaled.jpg\" alt=\"\" class=\"wp-image-751\" style=\"border-top-left-radius:0px;border-top-right-radius:0px;border-bottom-left-radius:15px;border-bottom-right-radius:15px\" srcset=\"https:\/\/webcrash1.madeonearth.cz\/wp-content\/uploads\/Honza-02-scaled.jpg 2560w, https:\/\/webcrash1.madeonearth.cz\/wp-content\/uploads\/Honza-02-300x200.jpg 300w, https:\/\/webcrash1.madeonearth.cz\/wp-content\/uploads\/Honza-02-1200x800.jpg 1200w, https:\/\/webcrash1.madeonearth.cz\/wp-content\/uploads\/Honza-02-150x100.jpg 150w, https:\/\/webcrash1.madeonearth.cz\/wp-content\/uploads\/Honza-02-768x512.jpg 768w, https:\/\/webcrash1.madeonearth.cz\/wp-content\/uploads\/Honza-02-1536x1024.jpg 1536w, https:\/\/webcrash1.madeonearth.cz\/wp-content\/uploads\/Honza-02-2048x1365.jpg 2048w, https:\/\/webcrash1.madeonearth.cz\/wp-content\/uploads\/Honza-02-18x12.jpg 18w\" sizes=\"auto, (max-width: 2560px) 100vw, 2560px\" \/><button\n\t\t\tclass=\"lightbox-trigger\"\n\t\t\ttype=\"button\"\n\t\t\taria-haspopup=\"dialog\"\n\t\t\taria-label=\"Enlarge\"\n\t\t\tdata-wp-init=\"callbacks.initTriggerButton\"\n\t\t\tdata-wp-on--click=\"actions.showLightbox\"\n\t\t\tdata-wp-style--right=\"state.imageButtonRight\"\n\t\t\tdata-wp-style--top=\"state.imageButtonTop\"\n\t\t>\n\t\t\t<svg xmlns=\"http:\/\/www.w3.org\/2000\/svg\" width=\"12\" height=\"12\" fill=\"none\" viewbox=\"0 0 12 12\">\n\t\t\t\t<path fill=\"#fff\" d=\"M2 0a2 2 0 0 0-2 2v2h1.5V2a.5.5 0 0 1 .5-.5h2V0H2Zm2 10.5H2a.5.5 0 0 1-.5-.5V8H0v2a2 2 0 0 0 2 2h2v-1.5ZM8 12v-1.5h2a.5.5 0 0 0 .5-.5V8H12v2a2 2 0 0 1-2 2H8Zm2-12a2 2 0 0 1 2 2v2h-1.5V2a.5.5 0 0 0-.5-.5H8V0h2Z\" \/>\n\t\t\t<\/svg>\n\t\t<\/button><\/figure>\n<\/div>\n<\/div>","protected":false},"excerpt":{"rendered":"<p>Made On Earth Made On Earth jsou pra\u017esk\u00e1 rockov\u00e1 kapela kombinuj\u00edc\u00ed prvky progresivn\u00edho rocku, stoneru a funku. Nekompromisn\u00ed \u017eensk\u00fd zp\u011bv, divn\u00e9 kytarov\u00e9 licky, dramatick\u00e9 harmonie a tvrd\u00e1 rytmika, to jsou Made On Earth. Od roku 2023 hraje kapela ve slo\u017een\u00ed Eli\u0161ka Du\u0161kov\u00e1 (zp\u011bv), Tereza P\u0161en\u010d\u00edkov\u00e1 (kytara) a Honza Plz\u00e1k (basa). P\u0159esto\u017ee Made On Earth do [&hellip;]<\/p>\n","protected":false},"author":4,"featured_media":0,"parent":0,"menu_order":0,"comment_status":"closed","ping_status":"closed","template":"","meta":{"pgc_sgb_lightbox_settings":"","footnotes":""},"class_list":["post-563","page","type-page","status-publish","hentry"],"_links":{"self":[{"href":"https:\/\/webcrash1.madeonearth.cz\/en\/wp-json\/wp\/v2\/pages\/563","targetHints":{"allow":["GET"]}}],"collection":[{"href":"https:\/\/webcrash1.madeonearth.cz\/en\/wp-json\/wp\/v2\/pages"}],"about":[{"href":"https:\/\/webcrash1.madeonearth.cz\/en\/wp-json\/wp\/v2\/types\/page"}],"author":[{"embeddable":true,"href":"https:\/\/webcrash1.madeonearth.cz\/en\/wp-json\/wp\/v2\/users\/4"}],"replies":[{"embeddable":true,"href":"https:\/\/webcrash1.madeonearth.cz\/en\/wp-json\/wp\/v2\/comments?post=563"}],"version-history":[{"count":61,"href":"https:\/\/webcrash1.madeonearth.cz\/en\/wp-json\/wp\/v2\/pages\/563\/revisions"}],"predecessor-version":[{"id":913,"href":"https:\/\/webcrash1.madeonearth.cz\/en\/wp-json\/wp\/v2\/pages\/563\/revisions\/913"}],"wp:attachment":[{"href":"https:\/\/webcrash1.madeonearth.cz\/en\/wp-json\/wp\/v2\/media?parent=563"}],"curies":[{"name":"wp","href":"https:\/\/api.w.org\/{rel}","templated":true}]}}